{"id":2,"date":"2016-05-10T03:48:21","date_gmt":"2016-05-10T03:48:21","guid":{"rendered":"http:\/\/ecoscaping.brandtgruen.de\/?page_id=2"},"modified":"2022-02-13T13:50:35","modified_gmt":"2022-02-13T13:50:35","slug":"sample-page","status":"publish","type":"page","link":"https:\/\/ecoscaping.brandtgruen.de\/?page_id=2","title":{"rendered":"PLANUNG"},"content":{"rendered":"\n<h2><strong>Nachhaltige Landschaftsgestaltung &#8211; <\/strong><\/h2>\n\n\n\n<h2><strong>gemeinsam&nbsp;<\/strong>L\u00f6sungen&nbsp;<span id=\"yui_3_17_2_1_1609173432318_1266\"><span id=\"yui_3_17_2_1_1609173432318_1265\">f\u00fcr eine gr\u00fcne Revolution anbieten<\/span><\/span><\/h2>\n\n\n\n<figure class=\"wp-block-pullquote\"><blockquote><p><em>Ein Himmel ohne Sterne ist ebenso bedeutungslos und leer wie betonierte (versiegelte) Areale in St\u00e4dten und Gemeinden.<\/em><\/p><\/blockquote><\/figure>\n\n\n\n<p><\/p>\n\n\n\n<p><\/p>\n\n\n\n<div style=\"height:100px\" aria-hidden=\"true\" class=\"wp-block-spacer\"><\/div>\n\n\n\n<div class=\"wp-block-image is-style-default\"><figure class=\"aligncenter size-large\"><img decoding=\"async\" loading=\"lazy\" width=\"640\" height=\"480\" src=\"http:\/\/ecoscaping.brandtgruen.de\/wp-content\/uploads\/2021\/01\/IMG_9547.jpg\" alt=\"\" class=\"wp-image-1125\" srcset=\"https:\/\/ecoscaping.brandtgruen.de\/wp-content\/uploads\/2021\/01\/IMG_9547.jpg 640w, https:\/\/ecoscaping.brandtgruen.de\/wp-content\/uploads\/2021\/01\/IMG_9547-300x225.jpg 300w\" sizes=\"(max-width: 640px) 100vw, 640px\" \/><\/figure><\/div>\n\n\n\n<div style=\"height:100px\" aria-hidden=\"true\" class=\"wp-block-spacer\"><\/div>\n\n\n\n<p><\/p>\n\n\n\n<p><\/p>\n\n\n\n<p><\/p>\n\n\n\n<p>Nachhaltige Eingriffe in der heutigen Zeit bedeuten, devastierte Areale zu erschlie\u00dfen, aus dem komat\u00f6sen Zustand zu befreien und gezielt neues, fruchtbares Leben einzuhauchen. Es bedeutet ebenso, ganze Landstriche sensibel zu renaturieren. Es wird dabei kaum m\u00f6glich sein, die Natur zur\u00fcckzuholen, aber der Natur anzubieten, einen Teil zur\u00fcck zu erobern und neu zu besiedeln. Wichtig ist, diesen Schritt zu gehen. Sich mit den noch vorhandenen M\u00f6glichkeiten einer nachhaltigen Kulturlandschaft auseinanderzusetzen, um zu bewahren, was noch vorhanden ist. Als Botanikerin interessiert mich jede einzelne Pflanze, da sie im Kreislauf der Natur ihre Aufgabe eingenommen hat.<\/p>\n\n\n\n<div style=\"height:100px\" aria-hidden=\"true\" class=\"wp-block-spacer\"><\/div>\n\n\n\n<div class=\"wp-block-image is-style-default\"><figure class=\"aligncenter size-large\"><img decoding=\"async\" loading=\"lazy\" width=\"480\" height=\"640\" src=\"http:\/\/ecoscaping.brandtgruen.de\/wp-content\/uploads\/2021\/01\/IMG_9846.jpg\" alt=\"\" class=\"wp-image-1126\" srcset=\"https:\/\/ecoscaping.brandtgruen.de\/wp-content\/uploads\/2021\/01\/IMG_9846.jpg 480w, https:\/\/ecoscaping.brandtgruen.de\/wp-content\/uploads\/2021\/01\/IMG_9846-225x300.jpg 225w\" sizes=\"(max-width: 480px) 100vw, 480px\" \/><\/figure><\/div>\n\n\n\n<p>Die Pflanzen so miteinander zu kombinieren, dass neue Vielfalten entstehen k\u00f6nnen und die Nachhaltigkeit an allen Ecken sp\u00fcrbar wird, sehe ich als meine Aufgabe. <br>F\u00fcr wen? F\u00fcr das neu zu schaffende Biotop mit allen (oftmals kaum sichtbaren) Mitspielern und vor allem f\u00fcr eine gr\u00fcne und unersch\u00fctterliche Zukunft.<\/p>\n\n\n\n<div style=\"height:100px\" aria-hidden=\"true\" class=\"wp-block-spacer\"><\/div>\n\n\n\n<div class=\"wp-block-image is-style-default\"><figure class=\"aligncenter size-large\"><img decoding=\"async\" loading=\"lazy\" width=\"640\" height=\"480\" src=\"http:\/\/ecoscaping.brandtgruen.de\/wp-content\/uploads\/2021\/01\/IMG_9780.jpg\" alt=\"\" class=\"wp-image-1127\" srcset=\"https:\/\/ecoscaping.brandtgruen.de\/wp-content\/uploads\/2021\/01\/IMG_9780.jpg 640w, https:\/\/ecoscaping.brandtgruen.de\/wp-content\/uploads\/2021\/01\/IMG_9780-300x225.jpg 300w\" sizes=\"(max-width: 640px) 100vw, 640px\" \/><\/figure><\/div>\n\n\n\n<p>Durch standortgerechte, \u00f6kologisch sinnvolle Planungen k\u00f6nnen wir fast jeden Lebensraum zu einem reichen und besonderen Platz machen, dabei sogar der Natur ein St\u00fcck zur\u00fcckgeben.\u00a0In diesem Miteinander spielen Boden, Wasser und Luft in ihrem immer w\u00e4hrenden Stoffkreislauf die Hauptrolle.\u00a0<\/p>\n\n\n\n<div style=\"height:100px\" aria-hidden=\"true\" class=\"wp-block-spacer\"><\/div>\n\n\n\n<div class=\"is-layout-flex wp-container-7 wp-block-columns\">\n<div class=\"is-layout-flow wp-block-column\" style=\"flex-basis:50%\">\n<div class=\"is-layout-flex wp-container-4 wp-block-columns are-vertically-aligned-center\">\n<div class=\"is-layout-flow wp-block-column is-vertically-aligned-center\" style=\"flex-basis:100%\">\n<div class=\"wp-block-image is-style-default\"><figure class=\"aligncenter size-large is-resized\"><img decoding=\"async\" loading=\"lazy\" src=\"http:\/\/ecoscaping.brandtgruen.de\/wp-content\/uploads\/2021\/01\/IMG_0170.jpg\" alt=\"\" class=\"wp-image-1137\" width=\"480\" height=\"360\" srcset=\"https:\/\/ecoscaping.brandtgruen.de\/wp-content\/uploads\/2021\/01\/IMG_0170.jpg 640w, https:\/\/ecoscaping.brandtgruen.de\/wp-content\/uploads\/2021\/01\/IMG_0170-300x225.jpg 300w\" sizes=\"(max-width: 480px) 100vw, 480px\" \/><\/figure><\/div>\n\n\n\n<div class=\"is-layout-flex wp-container-2 wp-block-columns\">\n<div class=\"is-layout-flow wp-block-column\" style=\"flex-basis:100%\"><\/div>\n<\/div>\n<\/div>\n<\/div>\n<\/div>\n\n\n\n<div class=\"is-layout-flow wp-block-column\" style=\"flex-basis:50%\">\n<div class=\"wp-block-image is-style-default\"><figure class=\"aligncenter size-large is-resized\"><img decoding=\"async\" loading=\"lazy\" src=\"http:\/\/ecoscaping.brandtgruen.de\/wp-content\/uploads\/2021\/01\/IMG_0153.jpg\" alt=\"\" class=\"wp-image-1138\" width=\"480\" height=\"360\" srcset=\"https:\/\/ecoscaping.brandtgruen.de\/wp-content\/uploads\/2021\/01\/IMG_0153.jpg 640w, https:\/\/ecoscaping.brandtgruen.de\/wp-content\/uploads\/2021\/01\/IMG_0153-300x225.jpg 300w\" sizes=\"(max-width: 480px) 100vw, 480px\" \/><\/figure><\/div>\n<\/div>\n<\/div>\n\n\n\n<p>Besonders Besorgnis erregend scheint mir seit Jahrzehnten der Irrsinn der kaum endend wollenden Entw\u00e4sserung anstelle eines guten und nachhaltigen Wassermanagements. Ein genaues Hinschauen auf diese Problematik weist uns den Weg. Nur mit einem verf\u00fcgbaren Wasser- und Bodenhaushalt sind wir in der Lage, die Situation zu meistern. Ein umsichtiges Regenwassermanagement ist ein ausgezeichneter Weg, der zudem viele interessante Gestaltungsm\u00f6glichkeiten er\u00f6ffnet.<\/p>\n\n\n\n<div style=\"height:100px\" aria-hidden=\"true\" class=\"wp-block-spacer\"><\/div>\n\n\n\n<div class=\"is-layout-flex wp-container-10 wp-block-columns\">\n<div class=\"is-layout-flow wp-block-column\">\n<figure class=\"wp-block-image size-large is-style-default\"><img decoding=\"async\" loading=\"lazy\" width=\"845\" height=\"634\" src=\"http:\/\/ecoscaping.brandtgruen.de\/wp-content\/uploads\/2021\/01\/IMG_0024-845x634.jpg\" alt=\"\" class=\"wp-image-1133\" srcset=\"https:\/\/ecoscaping.brandtgruen.de\/wp-content\/uploads\/2021\/01\/IMG_0024-845x634.jpg 845w, https:\/\/ecoscaping.brandtgruen.de\/wp-content\/uploads\/2021\/01\/IMG_0024-300x225.jpg 300w, https:\/\/ecoscaping.brandtgruen.de\/wp-content\/uploads\/2021\/01\/IMG_0024-768x576.jpg 768w, https:\/\/ecoscaping.brandtgruen.de\/wp-content\/uploads\/2021\/01\/IMG_0024-1536x1152.jpg 1536w, https:\/\/ecoscaping.brandtgruen.de\/wp-content\/uploads\/2021\/01\/IMG_0024.jpg 1600w\" sizes=\"(max-width: 845px) 100vw, 845px\" \/><\/figure>\n<\/div>\n\n\n\n<div class=\"is-layout-flow wp-block-column\">\n<figure class=\"wp-block-image size-large is-style-default\"><img decoding=\"async\" loading=\"lazy\" width=\"845\" height=\"634\" src=\"http:\/\/ecoscaping.brandtgruen.de\/wp-content\/uploads\/2021\/01\/IMG-20180903-WA0004-845x634.jpg\" alt=\"\" class=\"wp-image-1047\" srcset=\"https:\/\/ecoscaping.brandtgruen.de\/wp-content\/uploads\/2021\/01\/IMG-20180903-WA0004-845x634.jpg 845w, https:\/\/ecoscaping.brandtgruen.de\/wp-content\/uploads\/2021\/01\/IMG-20180903-WA0004-300x225.jpg 300w, https:\/\/ecoscaping.brandtgruen.de\/wp-content\/uploads\/2021\/01\/IMG-20180903-WA0004-768x576.jpg 768w, https:\/\/ecoscaping.brandtgruen.de\/wp-content\/uploads\/2021\/01\/IMG-20180903-WA0004-1536x1152.jpg 1536w, https:\/\/ecoscaping.brandtgruen.de\/wp-content\/uploads\/2021\/01\/IMG-20180903-WA0004.jpg 1600w\" sizes=\"(max-width: 845px) 100vw, 845px\" \/><\/figure>\n<\/div>\n<\/div>\n\n\n\n<p>Planungen sind gegenw\u00e4rtig oftmals sehr fragw\u00fcrdig. Architektonische Anspr\u00fcche, die die Verbindung der unendlich vielen M\u00f6glichkeiten im gr\u00fcnen Bereich offen lassen und wenig integrieren. Die Zusammenarbeit verschiedener Ebenen ist eine M\u00f6glichkeit, um hier den richtigen Weg zu gehen.&nbsp;<\/p>\n\n\n\n<div style=\"height:100px\" aria-hidden=\"true\" class=\"wp-block-spacer\"><\/div>\n\n\n\n<p><\/p>\n\n\n\n<p><\/p>\n\n\n\n<div style=\"height:100px\" aria-hidden=\"true\" class=\"wp-block-spacer\"><\/div>\n\n\n\n<div style=\"height:100px\" aria-hidden=\"true\" class=\"wp-block-spacer\"><\/div>\n","protected":false},"excerpt":{"rendered":"<p>Nachhaltige Landschaftsgestaltung &#8211; gemeinsam&nbsp;L\u00f6sungen&nbsp;f\u00fcr eine gr\u00fcne Revolution anbieten Ein Himmel ohne Sterne ist ebenso bedeutungslos und leer wie betonierte (versiegelte)&hellip;<\/p>\n","protected":false},"author":1,"featured_media":0,"parent":0,"menu_order":0,"comment_status":"closed","ping_status":"open","template":"","meta":[],"_links":{"self":[{"href":"https:\/\/ecoscaping.brandtgruen.de\/index.php?rest_route=\/wp\/v2\/pages\/2"}],"collection":[{"href":"https:\/\/ecoscaping.brandtgruen.de\/index.php?rest_route=\/wp\/v2\/pages"}],"about":[{"href":"https:\/\/ecoscaping.brandtgruen.de\/index.php?rest_route=\/wp\/v2\/types\/page"}],"author":[{"embeddable":true,"href":"https:\/\/ecoscaping.brandtgruen.de\/index.php?rest_route=\/wp\/v2\/users\/1"}],"replies":[{"embeddable":true,"href":"https:\/\/ecoscaping.brandtgruen.de\/index.php?rest_route=%2Fwp%2Fv2%2Fcomments&post=2"}],"version-history":[{"count":19,"href":"https:\/\/ecoscaping.brandtgruen.de\/index.php?rest_route=\/wp\/v2\/pages\/2\/revisions"}],"predecessor-version":[{"id":1331,"href":"https:\/\/ecoscaping.brandtgruen.de\/index.php?rest_route=\/wp\/v2\/pages\/2\/revisions\/1331"}],"wp:attachment":[{"href":"https:\/\/ecoscaping.brandtgruen.de\/index.php?rest_route=%2Fwp%2Fv2%2Fmedia&parent=2"}],"curies":[{"name":"wp","href":"https:\/\/api.w.org\/{rel}","templated":true}]}}