{"id":241,"date":"2020-12-28T19:35:32","date_gmt":"2020-12-28T19:35:32","guid":{"rendered":"http:\/\/ecoscaping.brandtgruen.de\/?page_id=241"},"modified":"2021-04-12T10:24:42","modified_gmt":"2021-04-12T10:24:42","slug":"ueber-mich","status":"publish","type":"page","link":"https:\/\/ecoscaping.brandtgruen.de\/?page_id=241","title":{"rendered":"\u00dcBER MICH"},"content":{"rendered":"\n<h2>Kristin Brandt<br>Dipl.-Gartenbauingenieurin<\/h2>\n\n\n\n<p><\/p>\n\n\n\n<p>Garten und Gestaltung \u00f6kologisch zu interpretieren, das ist meine Leidenschaft. Seit vielen Jahren begleite ich Menschen und Projekte im privaten wie \u00f6ffentlichen Bereich. Mit einem sachgerechten Blick auf umweltschonende wie  funktionale Gestaltung. <\/p>\n\n\n\n<p>Meine Vision ist es, die Welt durch gutes Design &#8211; kombiniert mit \u00f6kologisch wirksamen Funktionen &#8211; \u00e4sthetisch ansprechend zu gestalten.  Dabei entstehen R\u00e4ume, die sowohl dem Menschen als auch der Umwelt dienen. Sch\u00f6ne G\u00e4rten und Landschaften ber\u00fchren und \u00f6ffnen unsere Herzen. Hier finden wir Ruhe, Entspannung und friedvolles Miteinander in einer sonst lauten und aufgeregten Welt.  Auch vermitteln sie eine gewisse Verantwortung uns und unserer Umwelt gegen\u00fcber. <\/p>\n\n\n\n<div style=\"height:100px\" aria-hidden=\"true\" class=\"wp-block-spacer\"><\/div>\n\n\n\n<figure class=\"wp-block-image size-large is-style-rounded\"><img decoding=\"async\" loading=\"lazy\" width=\"845\" height=\"836\" src=\"http:\/\/ecoscaping.brandtgruen.de\/wp-content\/uploads\/2020\/12\/Portraet-1-845x836.jpg\" alt=\"\" class=\"wp-image-639\" srcset=\"https:\/\/ecoscaping.brandtgruen.de\/wp-content\/uploads\/2020\/12\/Portraet-1-845x836.jpg 845w, https:\/\/ecoscaping.brandtgruen.de\/wp-content\/uploads\/2020\/12\/Portraet-1-300x297.jpg 300w, https:\/\/ecoscaping.brandtgruen.de\/wp-content\/uploads\/2020\/12\/Portraet-1-768x760.jpg 768w, https:\/\/ecoscaping.brandtgruen.de\/wp-content\/uploads\/2020\/12\/Portraet-1-1536x1519.jpg 1536w, https:\/\/ecoscaping.brandtgruen.de\/wp-content\/uploads\/2020\/12\/Portraet-1-2048x2026.jpg 2048w, https:\/\/ecoscaping.brandtgruen.de\/wp-content\/uploads\/2020\/12\/Portraet-1-1600x1583.jpg 1600w\" sizes=\"(max-width: 845px) 100vw, 845px\" \/><\/figure>\n\n\n\n<div style=\"height:100px\" aria-hidden=\"true\" class=\"wp-block-spacer\"><\/div>\n\n\n\n<blockquote class=\"wp-block-quote is-style-default\"><p><\/p><p>Es gibt eine Kraft aus der Ewigkeit und diese Kraft ist gr\u00fcn. Aus lichtem Gr\u00fcn sind Himmel und Erde geschaffen und alle Sch\u00f6nheit der Welt.<\/p><cite>Hildegard von Bingen<\/cite><\/blockquote>\n\n\n\n<div style=\"height:50px\" aria-hidden=\"true\" class=\"wp-block-spacer\"><\/div>\n\n\n\n<p>Meinen Abschluss zur Diplom-Gartenbauingenieurin absolvierte ich an der Humboldt-Uni zu Berlin. Zuvor durchlief ich ein einj\u00e4hriges Pflichtpraktikum im VEG &#8218;Tannenkrug&#8216; Neubrandenburg. Vom Feldbau \u00fcber Pflanzenpflege, Anzucht bis Buchhaltung wurden alle wichtigen Bereiche in die Ausbildung integriert. <\/p>\n\n\n\n<p>W\u00e4hrend des Studiums besch\u00e4ftigte ich mich intensiv mit Hochmoorschutz sowie der Pflege und Unterhaltung von Mooren. Abschlie\u00dfend schrieb ich mit Begeisterung \u00fcber den Moorer Busch mein Diplom. Gleichzeitig gelang es mir, diesen sensiblen Landschaftsraum unter Schutz stellen zu lassen. Der Moorer Busch geh\u00f6rt zu den kleinsten Hochmooren Norddeutschlands. <\/p>\n\n\n\n<p>Nach dem Studium wechselte ich als wissenschaftliche Mitarbeiterin an die Uni Greifswald, um federf\u00fchrend das Moorschutzprogramm f\u00fcr MV zu gestalten. Sehr gute botanische Kenntnisse sind daf\u00fcr notwendig. Als Botanikerin habe ich mir ein breites Spektrum an Fachwissen angeeignet: Pflanzenkunde, Pomologie, Stauden- und Geh\u00f6lzkunde, Standortkunde, Bryologie, Mykologie sowie Pflanzensoziologie. <br>Zus\u00e4tzlich absolvierte ich in den folgenden Jahren mit gro\u00dfer Begeisterung die Studieng\u00e4nge Naturspielp\u00e4dagogik (FH Kiel) und Gartentherapie (Uni Rostock). <\/p>\n\n\n\n<p>Mit dem Aufbau einer Bio!G\u00e4rtnerei erm\u00f6glichte ich mir, die Anzucht \u00f6kologisch robuster Pflanzen zu etablieren. Von Beginn an ziehe ich die Pflanzen ausschlie\u00dflich in eigener Erde und stets ohne Verwendung von Torf. Die Pflanzen stammen aus eigenem Anbau und werden ausschlie\u00dflich in gebrauchten T\u00f6pfen angeboten, um so wenig Abfall wie m\u00f6glich zu produzieren. Kompost und Pflanzerde stammen aus dem eigenen Kreislauf des Betriebes. Nachhaltigkeit empfinde ich als lohnenswerte Lebenseinstellung. Deshalb arbeite ich nach den Grundgesetzen der Permakultur.<br>Zum Angebot geh\u00f6ren neben robusten Stauden, Wildpflanzen und Kr\u00e4uter, historische Rosen, Wildobst, Wildgeh\u00f6lze und historische Obstsorten. Gern \u00fcbernehme ich auch die Veredlung seltener Hausobstarten aus alten Zeiten. Vorrangig geht es um den Erhalt alter Sorte, etliche sind inzwischen der Gleichg\u00fcltigkeit unserer Zeit zum Opfer gefallen.<\/p>\n\n\n\n<p>Seit vielen Jahren gebe ich Seminare und Workshops im Bereich Pflanzen- und Kr\u00e4uterkunde, \u00f6kologischer Gartenbau, Obstbaumschnitt, Arbeiten mit Naturmaterialen, Permakultur u.a. Themen aus dem gr\u00fcnen Pflanzenreich. <\/p>\n\n\n\n<p><\/p>\n\n\n\n<div style=\"height:11px\" aria-hidden=\"true\" class=\"wp-block-spacer\"><\/div>\n\n\n\n<div class=\"wp-block-image is-style-default\"><figure class=\"aligncenter size-large is-resized\"><img decoding=\"async\" loading=\"lazy\" src=\"http:\/\/ecoscaping.brandtgruen.de\/wp-content\/uploads\/2020\/12\/IMG_20180512_161922-845x475.jpg\" alt=\"\" class=\"wp-image-562\" width=\"634\" height=\"356\" srcset=\"https:\/\/ecoscaping.brandtgruen.de\/wp-content\/uploads\/2020\/12\/IMG_20180512_161922-845x475.jpg 845w, https:\/\/ecoscaping.brandtgruen.de\/wp-content\/uploads\/2020\/12\/IMG_20180512_161922-300x168.jpg 300w, https:\/\/ecoscaping.brandtgruen.de\/wp-content\/uploads\/2020\/12\/IMG_20180512_161922-768x431.jpg 768w, https:\/\/ecoscaping.brandtgruen.de\/wp-content\/uploads\/2020\/12\/IMG_20180512_161922-1536x863.jpg 1536w, https:\/\/ecoscaping.brandtgruen.de\/wp-content\/uploads\/2020\/12\/IMG_20180512_161922-2048x1150.jpg 2048w, https:\/\/ecoscaping.brandtgruen.de\/wp-content\/uploads\/2020\/12\/IMG_20180512_161922-1600x898.jpg 1600w\" sizes=\"(max-width: 634px) 100vw, 634px\" \/><\/figure><\/div>\n\n\n\n<div style=\"height:147px\" aria-hidden=\"true\" class=\"wp-block-spacer\"><\/div>\n\n\n\n<p><\/p>\n","protected":false},"excerpt":{"rendered":"<p>Kristin BrandtDipl.-Gartenbauingenieurin Garten und Gestaltung \u00f6kologisch zu interpretieren, das ist meine Leidenschaft. Seit vielen Jahren begleite ich Menschen und Projekte&hellip;<\/p>\n","protected":false},"author":1,"featured_media":0,"parent":0,"menu_order":0,"comment_status":"closed","ping_status":"closed","template":"","meta":[],"_links":{"self":[{"href":"https:\/\/ecoscaping.brandtgruen.de\/index.php?rest_route=\/wp\/v2\/pages\/241"}],"collection":[{"href":"https:\/\/ecoscaping.brandtgruen.de\/index.php?rest_route=\/wp\/v2\/pages"}],"about":[{"href":"https:\/\/ecoscaping.brandtgruen.de\/index.php?rest_route=\/wp\/v2\/types\/page"}],"author":[{"embeddable":true,"href":"https:\/\/ecoscaping.brandtgruen.de\/index.php?rest_route=\/wp\/v2\/users\/1"}],"replies":[{"embeddable":true,"href":"https:\/\/ecoscaping.brandtgruen.de\/index.php?rest_route=%2Fwp%2Fv2%2Fcomments&post=241"}],"version-history":[{"count":42,"href":"https:\/\/ecoscaping.brandtgruen.de\/index.php?rest_route=\/wp\/v2\/pages\/241\/revisions"}],"predecessor-version":[{"id":1296,"href":"https:\/\/ecoscaping.brandtgruen.de\/index.php?rest_route=\/wp\/v2\/pages\/241\/revisions\/1296"}],"wp:attachment":[{"href":"https:\/\/ecoscaping.brandtgruen.de\/index.php?rest_route=%2Fwp%2Fv2%2Fmedia&parent=241"}],"curies":[{"name":"wp","href":"https:\/\/api.w.org\/{rel}","templated":true}]}}