{"id":275,"date":"2020-12-28T19:50:02","date_gmt":"2020-12-28T19:50:02","guid":{"rendered":"http:\/\/ecoscaping.brandtgruen.de\/?page_id=275"},"modified":"2021-01-27T15:03:57","modified_gmt":"2021-01-27T15:03:57","slug":"projekte","status":"publish","type":"page","link":"https:\/\/ecoscaping.brandtgruen.de\/?page_id=275","title":{"rendered":"PROJEKTE"},"content":{"rendered":"\n<h2>Beispiele f\u00fcr eine umsichtige und \u00f6kologisch ausgerichtete Planung und Ausf\u00fchrung von Projekten<\/h2>\n\n\n\n<p><\/p>\n\n\n\n<p>Hier stelle ich Ihnen verschiedenste Projekte vor, die ich in den letzten Monaten umgesetzt habe bzw. zum Teil noch begleite. Sinnvoll ist es, vom Beginn an jeder Bauma\u00dfnahme involviert zu werden. Sprechen Sie mich an, damit Sie Kosten, Zeit und \u00c4rger sparen. Eine effektive Umweltbaubegleitung ist ein erster Schritt in diese Richtung.<\/p>\n\n\n\n<figure class=\"wp-block-pullquote is-style-solid-color\"><blockquote><p><a href=\"http:\/\/ecoscaping.brandtgruen.de\/?page_id=242\" data-type=\"URL\" data-id=\"http:\/\/ecoscaping.brandtgruen.de\/?page_id=242\">Kontakt<\/a> <\/p><\/blockquote><\/figure>\n","protected":false},"excerpt":{"rendered":"<p>Beispiele f\u00fcr eine umsichtige und \u00f6kologisch ausgerichtete Planung und Ausf\u00fchrung von Projekten Hier stelle ich Ihnen verschiedenste Projekte vor, die&hellip;<\/p>\n","protected":false},"author":1,"featured_media":0,"parent":0,"menu_order":0,"comment_status":"closed","ping_status":"closed","template":"","meta":[],"_links":{"self":[{"href":"https:\/\/ecoscaping.brandtgruen.de\/index.php?rest_route=\/wp\/v2\/pages\/275"}],"collection":[{"href":"https:\/\/ecoscaping.brandtgruen.de\/index.php?rest_route=\/wp\/v2\/pages"}],"about":[{"href":"https:\/\/ecoscaping.brandtgruen.de\/index.php?rest_route=\/wp\/v2\/types\/page"}],"author":[{"embeddable":true,"href":"https:\/\/ecoscaping.brandtgruen.de\/index.php?rest_route=\/wp\/v2\/users\/1"}],"replies":[{"embeddable":true,"href":"https:\/\/ecoscaping.brandtgruen.de\/index.php?rest_route=%2Fwp%2Fv2%2Fcomments&post=275"}],"version-history":[{"count":3,"href":"https:\/\/ecoscaping.brandtgruen.de\/index.php?rest_route=\/wp\/v2\/pages\/275\/revisions"}],"predecessor-version":[{"id":1152,"href":"https:\/\/ecoscaping.brandtgruen.de\/index.php?rest_route=\/wp\/v2\/pages\/275\/revisions\/1152"}],"wp:attachment":[{"href":"https:\/\/ecoscaping.brandtgruen.de\/index.php?rest_route=%2Fwp%2Fv2%2Fmedia&parent=275"}],"curies":[{"name":"wp","href":"https:\/\/api.w.org\/{rel}","templated":true}]}}