{"id":373,"date":"2020-12-29T17:03:44","date_gmt":"2020-12-29T17:03:44","guid":{"rendered":"http:\/\/ecoscaping.brandtgruen.de\/?page_id=373"},"modified":"2022-02-13T13:51:21","modified_gmt":"2022-02-13T13:51:21","slug":"kluetz","status":"publish","type":"page","link":"https:\/\/ecoscaping.brandtgruen.de\/?page_id=373","title":{"rendered":"KL\u00dcTZ"},"content":{"rendered":"\n<h2>Garten in Kl\u00fctz\/ Neubau<\/h2>\n\n\n\n<p><sup>Bearbeitungszeitraum: vier Monate<\/sup><br><sup>Planung, Ausf\u00fchrung und Baubegleitung der Au\u00dfenanlage<\/sup> <br><sup>zus\u00e4tzliche Materialien: Cortenstahl<\/sup><br><br>Im Sommer 2020 auf reinem Lehmboden und unter ung\u00fcnstigsten Vorrausetzungen geplant und umgesetzt. Das Bauland ist durch eigenwillige Bema\u00dfungen sehr unvorteilhaft zugeschnitten. Der Boden durch bereits ausgef\u00fchrte Bauma\u00dfnahmen stark verdichtet.<\/p>\n\n\n\n<p>Das macht den Reiz einer Planung aus! <\/p>\n\n\n\n<p>Der Bauherr lie\u00df alle M\u00f6glichkeiten einer nachhaltigen und anspruchsvollen Planung zu, so dass Handlungsspielraum vorhanden war. Allein das Miteinander von Gestaltung und Tiefbau erwiesen sich als schwierig, da umsichtiges Arbeiten im Garten- und Landschaftsbau teilweise nicht verstanden wird. Ein gro\u00dfes Problem auf heutigen Baustellen ist das h\u00e4ufige Befahren mit viel zu gro\u00dfen und schweren Maschinen. Hier wird die Notwendigkeit einer Umweltbaubegleitung auch im privaten Bereich offensichtlich. Mit Sachverstand k\u00f6nnen im Vorfeld viele Arbeiten effizient, kostensparend sowie bodenschonend ausgef\u00fchrt werden. <\/p>\n\n\n\n<p><\/p>\n\n\n\n<div class=\"is-layout-flex wp-container-4 wp-block-columns\">\n<div class=\"is-layout-flow wp-block-column\" style=\"flex-basis:100%\">\n<div class=\"is-layout-flex wp-container-2 wp-block-columns\">\n<div class=\"is-layout-flow wp-block-column\" style=\"flex-basis:100%\">\n<div class=\"wp-block-image\"><figure class=\"aligncenter is-resized\"><img decoding=\"async\" loading=\"lazy\" src=\"http:\/\/ecoscaping.brandtgruen.de\/wp-content\/uploads\/2020\/12\/IMG_20200615_201851-845x634.jpg\" alt=\"\" width=\"634\" height=\"476\"\/><\/figure><\/div>\n<\/div>\n<\/div>\n<\/div>\n<\/div>\n\n\n\n<div id=\"block-916719ff-aee4-49ea-b1de-715866172ffa\" class=\"wp-block-image\"><figure class=\"aligncenter is-resized\"><img decoding=\"async\" loading=\"lazy\" src=\"http:\/\/ecoscaping.brandtgruen.de\/wp-content\/uploads\/2020\/12\/IMG_20200720_160227-845x634.jpg\" alt=\"Dieses Bild hat ein leeres Alt-Attribut. Der Dateiname ist IMG_20200720_160227-845x634.jpg\" width=\"634\" height=\"476\"\/><\/figure><\/div>\n\n\n\n<div class=\"wp-block-image\"><figure class=\"aligncenter is-resized\"><img decoding=\"async\" loading=\"lazy\" src=\"http:\/\/ecoscaping.brandtgruen.de\/wp-content\/uploads\/2020\/12\/IMG_20200615_201345-845x634.jpg\" alt=\"\" width=\"634\" height=\"476\"\/><\/figure><\/div>\n\n\n\n<div class=\"wp-block-image\"><figure class=\"aligncenter is-resized\"><img decoding=\"async\" loading=\"lazy\" src=\"http:\/\/ecoscaping.brandtgruen.de\/wp-content\/uploads\/2020\/12\/IMG_20200615_202313-845x634.jpg\" alt=\"\" width=\"634\" height=\"476\"\/><\/figure><\/div>\n\n\n\n<div class=\"wp-block-image\"><figure class=\"aligncenter is-resized\"><img decoding=\"async\" loading=\"lazy\" src=\"http:\/\/ecoscaping.brandtgruen.de\/wp-content\/uploads\/2020\/12\/IMG_20200615_202346-845x634.jpg\" alt=\"\" width=\"634\" height=\"476\"\/><\/figure><\/div>\n\n\n\n<div id=\"block-57a8fea4-7471-436f-9b4c-ab0aa6bdf9a8\" class=\"wp-block-image\"><figure class=\"aligncenter is-resized\"><img decoding=\"async\" loading=\"lazy\" src=\"http:\/\/ecoscaping.brandtgruen.de\/wp-content\/uploads\/2020\/12\/IMG_20201004_105622-845x634.jpg\" alt=\"Dieses Bild hat ein leeres Alt-Attribut. Der Dateiname ist IMG_20201004_105622-845x634.jpg\" width=\"634\" height=\"476\"\/><\/figure><\/div>\n\n\n\n<div class=\"wp-block-image\"><figure class=\"aligncenter is-resized\"><img decoding=\"async\" loading=\"lazy\" src=\"http:\/\/ecoscaping.brandtgruen.de\/wp-content\/uploads\/2020\/12\/IMG_20201009_154202-845x634.jpg\" alt=\"\" width=\"634\" height=\"476\"\/><\/figure><\/div>\n\n\n\n<div class=\"wp-block-image\"><figure class=\"aligncenter is-resized\"><img decoding=\"async\" loading=\"lazy\" src=\"http:\/\/ecoscaping.brandtgruen.de\/wp-content\/uploads\/2020\/12\/IMG_20201026_163658-845x634.jpg\" alt=\"\" width=\"634\" height=\"476\"\/><\/figure><\/div>\n\n\n\n<p>Die abschlie\u00dfende Bepflanzung erfolgte fristgem\u00e4\u00df im Herbst, so dass die Pflanzen ausreichend Zeit zum Einwurzeln bekommen und gut gest\u00e4rkt ins Fr\u00fchjahr starten. <\/p>\n\n\n\n<figure class=\"is-layout-flex wp-block-gallery-5 wp-block-gallery columns-0 is-cropped\"><ul class=\"blocks-gallery-grid\"><\/ul><\/figure>\n","protected":false},"excerpt":{"rendered":"<p>Garten in Kl\u00fctz\/ Neubau Bearbeitungszeitraum: vier MonatePlanung, Ausf\u00fchrung und Baubegleitung der Au\u00dfenanlage zus\u00e4tzliche Materialien: Cortenstahl Im Sommer 2020 auf reinem&hellip;<\/p>\n","protected":false},"author":1,"featured_media":337,"parent":0,"menu_order":0,"comment_status":"closed","ping_status":"closed","template":"","meta":[],"_links":{"self":[{"href":"https:\/\/ecoscaping.brandtgruen.de\/index.php?rest_route=\/wp\/v2\/pages\/373"}],"collection":[{"href":"https:\/\/ecoscaping.brandtgruen.de\/index.php?rest_route=\/wp\/v2\/pages"}],"about":[{"href":"https:\/\/ecoscaping.brandtgruen.de\/index.php?rest_route=\/wp\/v2\/types\/page"}],"author":[{"embeddable":true,"href":"https:\/\/ecoscaping.brandtgruen.de\/index.php?rest_route=\/wp\/v2\/users\/1"}],"replies":[{"embeddable":true,"href":"https:\/\/ecoscaping.brandtgruen.de\/index.php?rest_route=%2Fwp%2Fv2%2Fcomments&post=373"}],"version-history":[{"count":17,"href":"https:\/\/ecoscaping.brandtgruen.de\/index.php?rest_route=\/wp\/v2\/pages\/373\/revisions"}],"predecessor-version":[{"id":1332,"href":"https:\/\/ecoscaping.brandtgruen.de\/index.php?rest_route=\/wp\/v2\/pages\/373\/revisions\/1332"}],"wp:featuredmedia":[{"embeddable":true,"href":"https:\/\/ecoscaping.brandtgruen.de\/index.php?rest_route=\/wp\/v2\/media\/337"}],"wp:attachment":[{"href":"https:\/\/ecoscaping.brandtgruen.de\/index.php?rest_route=%2Fwp%2Fv2%2Fmedia&parent=373"}],"curies":[{"name":"wp","href":"https:\/\/api.w.org\/{rel}","templated":true}]}}