{"id":387,"date":"2020-12-29T17:20:22","date_gmt":"2020-12-29T17:20:22","guid":{"rendered":"http:\/\/ecoscaping.brandtgruen.de\/?page_id=387"},"modified":"2021-01-27T12:38:55","modified_gmt":"2021-01-27T12:38:55","slug":"ferienanlage","status":"publish","type":"page","link":"https:\/\/ecoscaping.brandtgruen.de\/?page_id=387","title":{"rendered":"FERIENANLAGE"},"content":{"rendered":"\n<h2>Hohen Wieschendorf<\/h2>\n\n\n\n<p><sup>Bearbeitungszeitraum: baubegleitend und als Umweltbaubeauftragte t\u00e4tig seit mehreren Jahren<\/sup><br><sup> Ziel: Planung, Ausf\u00fchrung und Baubegleitung der Au\u00dfenanlage sowie Ausarbeitung und Betreuung der Kompensationsma\u00dfnahmen<\/sup><br><\/p>\n\n\n\n<p>Eine Wohnanlage am Rande der Welt&#8230;<br>Nicht ganz, aber kurz vor Schluss &#8211; die Ostsee in unmittelbarer Nachbarschaft. Durch umsichtige Handlungsweise entsteht aus einer Bauruine seit vielen Jahren eine vorzeigbare Ferienanlage. Nachhaltigkeit und soziale Aspekte spielen eine Rolle. Der Gast wird sich hier rundum wohlf\u00fchlen.<br><br>So wird auch die Au\u00dfenanlage gepr\u00e4gt durch eine umsichtige D\u00fcnengestaltung, die man gern, oft und leichtf\u00fc\u00dfig erobern kann. <strong>Barfu\u00df zum Strand <\/strong>ist Motto und Aufgabe zugleich. Viele Diskussionen und Absprachen waren notwendig, um einen machbaren Konsens zu finden. Umwelt muss und darf hier ganz gro\u00df geschrieben werden: eine Ferienanlage mitten im Schutzgebiet. <\/p>\n\n\n\n<div class=\"is-layout-flow wp-block-group\"><div class=\"wp-block-group__inner-container\">\n<div class=\"is-layout-flow wp-block-group\"><div class=\"wp-block-group__inner-container\">\n<div class=\"is-layout-flow wp-block-group\"><div class=\"wp-block-group__inner-container\">\n<div class=\"is-layout-flex wp-container-3 wp-block-columns\">\n<div class=\"is-layout-flow wp-block-column\">\n<figure class=\"wp-block-image size-large is-style-default\"><img decoding=\"async\" loading=\"lazy\" width=\"845\" height=\"634\" src=\"http:\/\/ecoscaping.brandtgruen.de\/wp-content\/uploads\/2021\/01\/IMG_20200505_080942-845x634.jpg\" alt=\"\" class=\"wp-image-839\" srcset=\"https:\/\/ecoscaping.brandtgruen.de\/wp-content\/uploads\/2021\/01\/IMG_20200505_080942-845x634.jpg 845w, https:\/\/ecoscaping.brandtgruen.de\/wp-content\/uploads\/2021\/01\/IMG_20200505_080942-300x225.jpg 300w, https:\/\/ecoscaping.brandtgruen.de\/wp-content\/uploads\/2021\/01\/IMG_20200505_080942-768x576.jpg 768w, https:\/\/ecoscaping.brandtgruen.de\/wp-content\/uploads\/2021\/01\/IMG_20200505_080942-1536x1152.jpg 1536w, https:\/\/ecoscaping.brandtgruen.de\/wp-content\/uploads\/2021\/01\/IMG_20200505_080942-2048x1536.jpg 2048w, https:\/\/ecoscaping.brandtgruen.de\/wp-content\/uploads\/2021\/01\/IMG_20200505_080942-1600x1200.jpg 1600w\" sizes=\"(max-width: 845px) 100vw, 845px\" \/><figcaption>Neue Landschaftsgestaltung<\/figcaption><\/figure>\n<\/div>\n\n\n\n<div class=\"is-layout-flow wp-block-column\">\n<figure class=\"wp-block-image size-large is-style-default\"><img decoding=\"async\" loading=\"lazy\" width=\"845\" height=\"634\" src=\"http:\/\/ecoscaping.brandtgruen.de\/wp-content\/uploads\/2021\/01\/IMG_20200505_075959-845x634.jpg\" alt=\"\" class=\"wp-image-838\" srcset=\"https:\/\/ecoscaping.brandtgruen.de\/wp-content\/uploads\/2021\/01\/IMG_20200505_075959-845x634.jpg 845w, https:\/\/ecoscaping.brandtgruen.de\/wp-content\/uploads\/2021\/01\/IMG_20200505_075959-300x225.jpg 300w, https:\/\/ecoscaping.brandtgruen.de\/wp-content\/uploads\/2021\/01\/IMG_20200505_075959-768x576.jpg 768w, https:\/\/ecoscaping.brandtgruen.de\/wp-content\/uploads\/2021\/01\/IMG_20200505_075959-1536x1152.jpg 1536w, https:\/\/ecoscaping.brandtgruen.de\/wp-content\/uploads\/2021\/01\/IMG_20200505_075959-2048x1536.jpg 2048w, https:\/\/ecoscaping.brandtgruen.de\/wp-content\/uploads\/2021\/01\/IMG_20200505_075959-1600x1200.jpg 1600w\" sizes=\"(max-width: 845px) 100vw, 845px\" \/><figcaption>muss behutsam,<\/figcaption><\/figure>\n<\/div>\n<\/div>\n<\/div><\/div>\n\n\n\n<div class=\"is-layout-flex wp-container-13 wp-block-columns\">\n<div class=\"is-layout-flow wp-block-column\" style=\"flex-basis:100%\">\n<div class=\"is-layout-flow wp-block-group\"><div class=\"wp-block-group__inner-container\">\n<div class=\"is-layout-flex wp-container-10 wp-block-columns\">\n<div class=\"is-layout-flow wp-block-column\" style=\"flex-basis:100%\">\n<div class=\"is-layout-flow wp-block-group\"><div class=\"wp-block-group__inner-container\">\n<div class=\"is-layout-flex wp-container-7 wp-block-columns\">\n<div class=\"is-layout-flow wp-block-column\">\n<figure class=\"wp-block-image size-large is-style-default\"><img decoding=\"async\" loading=\"lazy\" width=\"845\" height=\"634\" src=\"http:\/\/ecoscaping.brandtgruen.de\/wp-content\/uploads\/2021\/01\/IMG_20200429_105332-845x634.jpg\" alt=\"\" class=\"wp-image-836\" srcset=\"https:\/\/ecoscaping.brandtgruen.de\/wp-content\/uploads\/2021\/01\/IMG_20200429_105332-845x634.jpg 845w, https:\/\/ecoscaping.brandtgruen.de\/wp-content\/uploads\/2021\/01\/IMG_20200429_105332-300x225.jpg 300w, https:\/\/ecoscaping.brandtgruen.de\/wp-content\/uploads\/2021\/01\/IMG_20200429_105332-768x576.jpg 768w, https:\/\/ecoscaping.brandtgruen.de\/wp-content\/uploads\/2021\/01\/IMG_20200429_105332-1536x1152.jpg 1536w, https:\/\/ecoscaping.brandtgruen.de\/wp-content\/uploads\/2021\/01\/IMG_20200429_105332-2048x1536.jpg 2048w, https:\/\/ecoscaping.brandtgruen.de\/wp-content\/uploads\/2021\/01\/IMG_20200429_105332-1600x1200.jpg 1600w\" sizes=\"(max-width: 845px) 100vw, 845px\" \/><figcaption>bodenschonend und<\/figcaption><\/figure>\n<\/div>\n\n\n\n<div class=\"is-layout-flow wp-block-column\">\n<figure class=\"wp-block-image size-large is-style-default\"><img decoding=\"async\" loading=\"lazy\" width=\"845\" height=\"634\" src=\"http:\/\/ecoscaping.brandtgruen.de\/wp-content\/uploads\/2021\/01\/IMG_20200505_075943-845x634.jpg\" alt=\"\" class=\"wp-image-835\" srcset=\"https:\/\/ecoscaping.brandtgruen.de\/wp-content\/uploads\/2021\/01\/IMG_20200505_075943-845x634.jpg 845w, https:\/\/ecoscaping.brandtgruen.de\/wp-content\/uploads\/2021\/01\/IMG_20200505_075943-300x225.jpg 300w, https:\/\/ecoscaping.brandtgruen.de\/wp-content\/uploads\/2021\/01\/IMG_20200505_075943-768x576.jpg 768w, https:\/\/ecoscaping.brandtgruen.de\/wp-content\/uploads\/2021\/01\/IMG_20200505_075943-1536x1152.jpg 1536w, https:\/\/ecoscaping.brandtgruen.de\/wp-content\/uploads\/2021\/01\/IMG_20200505_075943-2048x1536.jpg 2048w, https:\/\/ecoscaping.brandtgruen.de\/wp-content\/uploads\/2021\/01\/IMG_20200505_075943-1600x1200.jpg 1600w\" sizes=\"(max-width: 845px) 100vw, 845px\" \/><figcaption>nachhaltig sein.<\/figcaption><\/figure>\n<\/div>\n<\/div>\n<\/div><\/div>\n<\/div>\n<\/div>\n<\/div><\/div>\n<\/div>\n<\/div>\n<\/div><\/div>\n<\/div><\/div>\n\n\n\n<div class=\"is-layout-flex wp-container-18 wp-block-columns\">\n<div class=\"is-layout-flow wp-block-column\">\n<figure class=\"wp-block-image size-large is-style-default\"><img decoding=\"async\" loading=\"lazy\" width=\"845\" height=\"634\" src=\"http:\/\/ecoscaping.brandtgruen.de\/wp-content\/uploads\/2021\/01\/IMG_20200818_184657-845x634.jpg\" alt=\"\" class=\"wp-image-851\" srcset=\"https:\/\/ecoscaping.brandtgruen.de\/wp-content\/uploads\/2021\/01\/IMG_20200818_184657-845x634.jpg 845w, https:\/\/ecoscaping.brandtgruen.de\/wp-content\/uploads\/2021\/01\/IMG_20200818_184657-300x225.jpg 300w, https:\/\/ecoscaping.brandtgruen.de\/wp-content\/uploads\/2021\/01\/IMG_20200818_184657-768x576.jpg 768w, https:\/\/ecoscaping.brandtgruen.de\/wp-content\/uploads\/2021\/01\/IMG_20200818_184657-1536x1152.jpg 1536w, https:\/\/ecoscaping.brandtgruen.de\/wp-content\/uploads\/2021\/01\/IMG_20200818_184657-2048x1536.jpg 2048w, https:\/\/ecoscaping.brandtgruen.de\/wp-content\/uploads\/2021\/01\/IMG_20200818_184657-1600x1200.jpg 1600w\" sizes=\"(max-width: 845px) 100vw, 845px\" \/><\/figure>\n<\/div>\n\n\n\n<div class=\"is-layout-flow wp-block-column\">\n<figure class=\"wp-block-image size-large is-style-default\"><img decoding=\"async\" loading=\"lazy\" width=\"845\" height=\"634\" src=\"http:\/\/ecoscaping.brandtgruen.de\/wp-content\/uploads\/2021\/01\/IMG_20200608_172405-845x634.jpg\" alt=\"\" class=\"wp-image-833\" srcset=\"https:\/\/ecoscaping.brandtgruen.de\/wp-content\/uploads\/2021\/01\/IMG_20200608_172405-845x634.jpg 845w, https:\/\/ecoscaping.brandtgruen.de\/wp-content\/uploads\/2021\/01\/IMG_20200608_172405-300x225.jpg 300w, https:\/\/ecoscaping.brandtgruen.de\/wp-content\/uploads\/2021\/01\/IMG_20200608_172405-768x576.jpg 768w, https:\/\/ecoscaping.brandtgruen.de\/wp-content\/uploads\/2021\/01\/IMG_20200608_172405-1536x1152.jpg 1536w, https:\/\/ecoscaping.brandtgruen.de\/wp-content\/uploads\/2021\/01\/IMG_20200608_172405-2048x1536.jpg 2048w, https:\/\/ecoscaping.brandtgruen.de\/wp-content\/uploads\/2021\/01\/IMG_20200608_172405-1600x1200.jpg 1600w\" sizes=\"(max-width: 845px) 100vw, 845px\" \/><\/figure>\n<\/div>\n<\/div>\n\n\n\n<div class=\"is-layout-flex wp-container-21 wp-block-columns\">\n<div class=\"is-layout-flow wp-block-column\">\n<figure class=\"wp-block-image size-large is-style-default\"><img decoding=\"async\" loading=\"lazy\" width=\"845\" height=\"511\" src=\"http:\/\/ecoscaping.brandtgruen.de\/wp-content\/uploads\/2021\/01\/IMG_20170828_104447-2-845x511.jpg\" alt=\"\" class=\"wp-image-857\" srcset=\"https:\/\/ecoscaping.brandtgruen.de\/wp-content\/uploads\/2021\/01\/IMG_20170828_104447-2-845x511.jpg 845w, https:\/\/ecoscaping.brandtgruen.de\/wp-content\/uploads\/2021\/01\/IMG_20170828_104447-2-300x181.jpg 300w, https:\/\/ecoscaping.brandtgruen.de\/wp-content\/uploads\/2021\/01\/IMG_20170828_104447-2-768x464.jpg 768w, https:\/\/ecoscaping.brandtgruen.de\/wp-content\/uploads\/2021\/01\/IMG_20170828_104447-2-1536x928.jpg 1536w, https:\/\/ecoscaping.brandtgruen.de\/wp-content\/uploads\/2021\/01\/IMG_20170828_104447-2-2048x1237.jpg 2048w, https:\/\/ecoscaping.brandtgruen.de\/wp-content\/uploads\/2021\/01\/IMG_20170828_104447-2-1600x967.jpg 1600w\" sizes=\"(max-width: 845px) 100vw, 845px\" \/><\/figure>\n<\/div>\n\n\n\n<div class=\"is-layout-flow wp-block-column\">\n<figure class=\"wp-block-image size-large is-style-default\"><img decoding=\"async\" loading=\"lazy\" width=\"845\" height=\"475\" src=\"http:\/\/ecoscaping.brandtgruen.de\/wp-content\/uploads\/2021\/01\/IMG_20180223_120539-845x475.jpg\" alt=\"\" class=\"wp-image-858\" srcset=\"https:\/\/ecoscaping.brandtgruen.de\/wp-content\/uploads\/2021\/01\/IMG_20180223_120539-845x475.jpg 845w, https:\/\/ecoscaping.brandtgruen.de\/wp-content\/uploads\/2021\/01\/IMG_20180223_120539-300x168.jpg 300w, https:\/\/ecoscaping.brandtgruen.de\/wp-content\/uploads\/2021\/01\/IMG_20180223_120539-768x431.jpg 768w, https:\/\/ecoscaping.brandtgruen.de\/wp-content\/uploads\/2021\/01\/IMG_20180223_120539-1536x863.jpg 1536w, https:\/\/ecoscaping.brandtgruen.de\/wp-content\/uploads\/2021\/01\/IMG_20180223_120539-2048x1150.jpg 2048w, https:\/\/ecoscaping.brandtgruen.de\/wp-content\/uploads\/2021\/01\/IMG_20180223_120539-1600x898.jpg 1600w\" sizes=\"(max-width: 845px) 100vw, 845px\" \/><\/figure>\n<\/div>\n<\/div>\n\n\n\n<div class=\"is-layout-flex wp-container-24 wp-block-columns\">\n<div class=\"is-layout-flow wp-block-column\">\n<figure class=\"wp-block-image size-large is-style-default\"><img decoding=\"async\" loading=\"lazy\" width=\"845\" height=\"475\" src=\"http:\/\/ecoscaping.brandtgruen.de\/wp-content\/uploads\/2021\/01\/IMG-20180305-WA0008-845x475.jpg\" alt=\"\" class=\"wp-image-859\" srcset=\"https:\/\/ecoscaping.brandtgruen.de\/wp-content\/uploads\/2021\/01\/IMG-20180305-WA0008-845x475.jpg 845w, https:\/\/ecoscaping.brandtgruen.de\/wp-content\/uploads\/2021\/01\/IMG-20180305-WA0008-300x169.jpg 300w, https:\/\/ecoscaping.brandtgruen.de\/wp-content\/uploads\/2021\/01\/IMG-20180305-WA0008-768x432.jpg 768w, https:\/\/ecoscaping.brandtgruen.de\/wp-content\/uploads\/2021\/01\/IMG-20180305-WA0008.jpg 1280w\" sizes=\"(max-width: 845px) 100vw, 845px\" \/><\/figure>\n<\/div>\n\n\n\n<div class=\"is-layout-flow wp-block-column\">\n<figure class=\"wp-block-image size-large is-style-default\"><img decoding=\"async\" loading=\"lazy\" width=\"845\" height=\"475\" src=\"http:\/\/ecoscaping.brandtgruen.de\/wp-content\/uploads\/2021\/01\/IMG-20180305-WA0001-845x475.jpg\" alt=\"\" class=\"wp-image-860\" srcset=\"https:\/\/ecoscaping.brandtgruen.de\/wp-content\/uploads\/2021\/01\/IMG-20180305-WA0001-845x475.jpg 845w, https:\/\/ecoscaping.brandtgruen.de\/wp-content\/uploads\/2021\/01\/IMG-20180305-WA0001-300x169.jpg 300w, https:\/\/ecoscaping.brandtgruen.de\/wp-content\/uploads\/2021\/01\/IMG-20180305-WA0001-768x432.jpg 768w, https:\/\/ecoscaping.brandtgruen.de\/wp-content\/uploads\/2021\/01\/IMG-20180305-WA0001.jpg 1280w\" sizes=\"(max-width: 845px) 100vw, 845px\" \/><\/figure>\n<\/div>\n<\/div>\n\n\n\n<div class=\"is-layout-flex wp-container-27 wp-block-columns\">\n<div class=\"is-layout-flow wp-block-column\">\n<figure class=\"wp-block-image size-large is-style-default\"><img decoding=\"async\" loading=\"lazy\" width=\"845\" height=\"475\" src=\"http:\/\/ecoscaping.brandtgruen.de\/wp-content\/uploads\/2021\/01\/IMG-20180308-WA0025-845x475.jpg\" alt=\"\" class=\"wp-image-861\" srcset=\"https:\/\/ecoscaping.brandtgruen.de\/wp-content\/uploads\/2021\/01\/IMG-20180308-WA0025-845x475.jpg 845w, https:\/\/ecoscaping.brandtgruen.de\/wp-content\/uploads\/2021\/01\/IMG-20180308-WA0025-300x169.jpg 300w, https:\/\/ecoscaping.brandtgruen.de\/wp-content\/uploads\/2021\/01\/IMG-20180308-WA0025-768x432.jpg 768w, https:\/\/ecoscaping.brandtgruen.de\/wp-content\/uploads\/2021\/01\/IMG-20180308-WA0025.jpg 1280w\" sizes=\"(max-width: 845px) 100vw, 845px\" \/><\/figure>\n<\/div>\n\n\n\n<div class=\"is-layout-flow wp-block-column\">\n<figure class=\"wp-block-image size-large is-style-default\"><img decoding=\"async\" loading=\"lazy\" width=\"845\" height=\"475\" src=\"http:\/\/ecoscaping.brandtgruen.de\/wp-content\/uploads\/2021\/01\/IMG-20180309-WA0009-845x475.jpg\" alt=\"\" class=\"wp-image-862\" srcset=\"https:\/\/ecoscaping.brandtgruen.de\/wp-content\/uploads\/2021\/01\/IMG-20180309-WA0009-845x475.jpg 845w, https:\/\/ecoscaping.brandtgruen.de\/wp-content\/uploads\/2021\/01\/IMG-20180309-WA0009-300x169.jpg 300w, https:\/\/ecoscaping.brandtgruen.de\/wp-content\/uploads\/2021\/01\/IMG-20180309-WA0009-768x432.jpg 768w, https:\/\/ecoscaping.brandtgruen.de\/wp-content\/uploads\/2021\/01\/IMG-20180309-WA0009.jpg 1280w\" sizes=\"(max-width: 845px) 100vw, 845px\" \/><\/figure>\n<\/div>\n<\/div>\n\n\n\n<div class=\"is-layout-flex wp-container-30 wp-block-columns\">\n<div class=\"is-layout-flow wp-block-column\">\n<figure class=\"wp-block-image size-large is-style-default\"><img decoding=\"async\" loading=\"lazy\" width=\"845\" height=\"475\" src=\"http:\/\/ecoscaping.brandtgruen.de\/wp-content\/uploads\/2021\/01\/IMG-20180309-WA0006-845x475.jpg\" alt=\"\" class=\"wp-image-863\" srcset=\"https:\/\/ecoscaping.brandtgruen.de\/wp-content\/uploads\/2021\/01\/IMG-20180309-WA0006-845x475.jpg 845w, https:\/\/ecoscaping.brandtgruen.de\/wp-content\/uploads\/2021\/01\/IMG-20180309-WA0006-300x169.jpg 300w, https:\/\/ecoscaping.brandtgruen.de\/wp-content\/uploads\/2021\/01\/IMG-20180309-WA0006-768x432.jpg 768w, https:\/\/ecoscaping.brandtgruen.de\/wp-content\/uploads\/2021\/01\/IMG-20180309-WA0006.jpg 1280w\" sizes=\"(max-width: 845px) 100vw, 845px\" \/><\/figure>\n<\/div>\n\n\n\n<div class=\"is-layout-flow wp-block-column\">\n<figure class=\"wp-block-image size-large is-style-default\"><img decoding=\"async\" loading=\"lazy\" width=\"845\" height=\"475\" src=\"http:\/\/ecoscaping.brandtgruen.de\/wp-content\/uploads\/2021\/01\/IMG-20180312-WA0009-845x475.jpg\" alt=\"\" class=\"wp-image-864\" srcset=\"https:\/\/ecoscaping.brandtgruen.de\/wp-content\/uploads\/2021\/01\/IMG-20180312-WA0009-845x475.jpg 845w, https:\/\/ecoscaping.brandtgruen.de\/wp-content\/uploads\/2021\/01\/IMG-20180312-WA0009-300x169.jpg 300w, https:\/\/ecoscaping.brandtgruen.de\/wp-content\/uploads\/2021\/01\/IMG-20180312-WA0009-768x432.jpg 768w, https:\/\/ecoscaping.brandtgruen.de\/wp-content\/uploads\/2021\/01\/IMG-20180312-WA0009.jpg 1280w\" sizes=\"(max-width: 845px) 100vw, 845px\" \/><\/figure>\n<\/div>\n<\/div>\n\n\n\n<div class=\"is-layout-flex wp-container-32 wp-block-columns\">\n<div class=\"is-layout-flow wp-block-column\">\n<figure class=\"wp-block-image size-large is-style-default\"><img decoding=\"async\" loading=\"lazy\" width=\"845\" height=\"475\" src=\"http:\/\/ecoscaping.brandtgruen.de\/wp-content\/uploads\/2021\/01\/IMG_20180223_153401-845x475.jpg\" alt=\"\" class=\"wp-image-872\" srcset=\"https:\/\/ecoscaping.brandtgruen.de\/wp-content\/uploads\/2021\/01\/IMG_20180223_153401-845x475.jpg 845w, https:\/\/ecoscaping.brandtgruen.de\/wp-content\/uploads\/2021\/01\/IMG_20180223_153401-300x168.jpg 300w, https:\/\/ecoscaping.brandtgruen.de\/wp-content\/uploads\/2021\/01\/IMG_20180223_153401-768x431.jpg 768w, https:\/\/ecoscaping.brandtgruen.de\/wp-content\/uploads\/2021\/01\/IMG_20180223_153401-1536x863.jpg 1536w, https:\/\/ecoscaping.brandtgruen.de\/wp-content\/uploads\/2021\/01\/IMG_20180223_153401-2048x1150.jpg 2048w, https:\/\/ecoscaping.brandtgruen.de\/wp-content\/uploads\/2021\/01\/IMG_20180223_153401-1600x898.jpg 1600w\" sizes=\"(max-width: 845px) 100vw, 845px\" \/><\/figure>\n<\/div>\n<\/div>\n\n\n\n<div class=\"is-layout-flex wp-container-35 wp-block-columns\">\n<div class=\"is-layout-flow wp-block-column\">\n<figure class=\"wp-block-image size-large is-style-default\"><img decoding=\"async\" loading=\"lazy\" width=\"845\" height=\"634\" src=\"http:\/\/ecoscaping.brandtgruen.de\/wp-content\/uploads\/2021\/01\/IMG_20190810_210034-845x634.jpg\" alt=\"\" class=\"wp-image-869\" srcset=\"https:\/\/ecoscaping.brandtgruen.de\/wp-content\/uploads\/2021\/01\/IMG_20190810_210034-845x634.jpg 845w, https:\/\/ecoscaping.brandtgruen.de\/wp-content\/uploads\/2021\/01\/IMG_20190810_210034-300x225.jpg 300w, https:\/\/ecoscaping.brandtgruen.de\/wp-content\/uploads\/2021\/01\/IMG_20190810_210034-768x576.jpg 768w, https:\/\/ecoscaping.brandtgruen.de\/wp-content\/uploads\/2021\/01\/IMG_20190810_210034-1536x1152.jpg 1536w, https:\/\/ecoscaping.brandtgruen.de\/wp-content\/uploads\/2021\/01\/IMG_20190810_210034-2048x1536.jpg 2048w, https:\/\/ecoscaping.brandtgruen.de\/wp-content\/uploads\/2021\/01\/IMG_20190810_210034-1600x1200.jpg 1600w\" sizes=\"(max-width: 845px) 100vw, 845px\" \/><\/figure>\n<\/div>\n\n\n\n<div class=\"is-layout-flow wp-block-column\">\n<figure class=\"wp-block-image size-large is-style-default\"><img decoding=\"async\" loading=\"lazy\" width=\"845\" height=\"634\" src=\"http:\/\/ecoscaping.brandtgruen.de\/wp-content\/uploads\/2021\/01\/IMG_20190810_210245-845x634.jpg\" alt=\"\" class=\"wp-image-870\" srcset=\"https:\/\/ecoscaping.brandtgruen.de\/wp-content\/uploads\/2021\/01\/IMG_20190810_210245-845x634.jpg 845w, https:\/\/ecoscaping.brandtgruen.de\/wp-content\/uploads\/2021\/01\/IMG_20190810_210245-300x225.jpg 300w, https:\/\/ecoscaping.brandtgruen.de\/wp-content\/uploads\/2021\/01\/IMG_20190810_210245-768x576.jpg 768w, https:\/\/ecoscaping.brandtgruen.de\/wp-content\/uploads\/2021\/01\/IMG_20190810_210245-1536x1152.jpg 1536w, https:\/\/ecoscaping.brandtgruen.de\/wp-content\/uploads\/2021\/01\/IMG_20190810_210245-2048x1536.jpg 2048w, https:\/\/ecoscaping.brandtgruen.de\/wp-content\/uploads\/2021\/01\/IMG_20190810_210245-1600x1200.jpg 1600w\" sizes=\"(max-width: 845px) 100vw, 845px\" \/><\/figure>\n<\/div>\n<\/div>\n","protected":false},"excerpt":{"rendered":"<p>Hohen Wieschendorf Bearbeitungszeitraum: baubegleitend und als Umweltbaubeauftragte t\u00e4tig seit mehreren Jahren Ziel: Planung, Ausf\u00fchrung und Baubegleitung der Au\u00dfenanlage sowie Ausarbeitung&hellip;<\/p>\n","protected":false},"author":1,"featured_media":849,"parent":0,"menu_order":0,"comment_status":"closed","ping_status":"closed","template":"","meta":[],"_links":{"self":[{"href":"https:\/\/ecoscaping.brandtgruen.de\/index.php?rest_route=\/wp\/v2\/pages\/387"}],"collection":[{"href":"https:\/\/ecoscaping.brandtgruen.de\/index.php?rest_route=\/wp\/v2\/pages"}],"about":[{"href":"https:\/\/ecoscaping.brandtgruen.de\/index.php?rest_route=\/wp\/v2\/types\/page"}],"author":[{"embeddable":true,"href":"https:\/\/ecoscaping.brandtgruen.de\/index.php?rest_route=\/wp\/v2\/users\/1"}],"replies":[{"embeddable":true,"href":"https:\/\/ecoscaping.brandtgruen.de\/index.php?rest_route=%2Fwp%2Fv2%2Fcomments&post=387"}],"version-history":[{"count":5,"href":"https:\/\/ecoscaping.brandtgruen.de\/index.php?rest_route=\/wp\/v2\/pages\/387\/revisions"}],"predecessor-version":[{"id":1108,"href":"https:\/\/ecoscaping.brandtgruen.de\/index.php?rest_route=\/wp\/v2\/pages\/387\/revisions\/1108"}],"wp:featuredmedia":[{"embeddable":true,"href":"https:\/\/ecoscaping.brandtgruen.de\/index.php?rest_route=\/wp\/v2\/media\/849"}],"wp:attachment":[{"href":"https:\/\/ecoscaping.brandtgruen.de\/index.php?rest_route=%2Fwp%2Fv2%2Fmedia&parent=387"}],"curies":[{"name":"wp","href":"https:\/\/api.w.org\/{rel}","templated":true}]}}