{"id":5,"date":"2020-12-27T18:10:53","date_gmt":"2020-12-27T18:10:53","guid":{"rendered":"http:\/\/ecoscaping.brandtgruen.de\/?page_id=5"},"modified":"2021-01-27T14:53:59","modified_gmt":"2021-01-27T14:53:59","slug":"kulturlandschaften-im-21-jahrhundert","status":"publish","type":"page","link":"https:\/\/ecoscaping.brandtgruen.de\/?page_id=5","title":{"rendered":"KULTURLANDSCHAFTEN IM 21. JAHRHUNDERT"},"content":{"rendered":"\n<h2><strong>Dokumentation<\/strong> Status quo<\/h2>\n\n\n\n<div class=\"is-layout-flex wp-container-3 wp-block-columns\">\n<div class=\"is-layout-flow wp-block-column\">\n<figure class=\"wp-block-image size-large is-style-default\"><img decoding=\"async\" loading=\"lazy\" width=\"845\" height=\"634\" src=\"http:\/\/ecoscaping.brandtgruen.de\/wp-content\/uploads\/2021\/01\/IMG_20200818_184657-845x634.jpg\" alt=\"\" class=\"wp-image-851\" srcset=\"https:\/\/ecoscaping.brandtgruen.de\/wp-content\/uploads\/2021\/01\/IMG_20200818_184657-845x634.jpg 845w, https:\/\/ecoscaping.brandtgruen.de\/wp-content\/uploads\/2021\/01\/IMG_20200818_184657-300x225.jpg 300w, https:\/\/ecoscaping.brandtgruen.de\/wp-content\/uploads\/2021\/01\/IMG_20200818_184657-768x576.jpg 768w, https:\/\/ecoscaping.brandtgruen.de\/wp-content\/uploads\/2021\/01\/IMG_20200818_184657-1536x1152.jpg 1536w, https:\/\/ecoscaping.brandtgruen.de\/wp-content\/uploads\/2021\/01\/IMG_20200818_184657-2048x1536.jpg 2048w, https:\/\/ecoscaping.brandtgruen.de\/wp-content\/uploads\/2021\/01\/IMG_20200818_184657-1600x1200.jpg 1600w\" sizes=\"(max-width: 845px) 100vw, 845px\" \/><\/figure>\n<\/div>\n\n\n\n<div class=\"is-layout-flow wp-block-column\">\n<figure class=\"wp-block-image size-large is-style-default\"><img decoding=\"async\" loading=\"lazy\" width=\"845\" height=\"634\" src=\"http:\/\/ecoscaping.brandtgruen.de\/wp-content\/uploads\/2021\/01\/IMG_0687-845x634.jpg\" alt=\"\" class=\"wp-image-1139\" srcset=\"https:\/\/ecoscaping.brandtgruen.de\/wp-content\/uploads\/2021\/01\/IMG_0687-845x634.jpg 845w, https:\/\/ecoscaping.brandtgruen.de\/wp-content\/uploads\/2021\/01\/IMG_0687-300x225.jpg 300w, https:\/\/ecoscaping.brandtgruen.de\/wp-content\/uploads\/2021\/01\/IMG_0687-768x576.jpg 768w, https:\/\/ecoscaping.brandtgruen.de\/wp-content\/uploads\/2021\/01\/IMG_0687-1536x1152.jpg 1536w, https:\/\/ecoscaping.brandtgruen.de\/wp-content\/uploads\/2021\/01\/IMG_0687-2048x1536.jpg 2048w, https:\/\/ecoscaping.brandtgruen.de\/wp-content\/uploads\/2021\/01\/IMG_0687-1600x1200.jpg 1600w\" sizes=\"(max-width: 845px) 100vw, 845px\" \/><\/figure>\n<\/div>\n<\/div>\n\n\n\n<div class=\"is-layout-flex wp-container-23 wp-block-columns\">\n<div class=\"is-layout-flow wp-block-column\" style=\"flex-basis:100%\">\n<div class=\"is-layout-flex wp-container-6 wp-block-columns\">\n<div class=\"is-layout-flow wp-block-column\">\n<figure class=\"wp-block-image size-large is-style-default\"><img decoding=\"async\" loading=\"lazy\" width=\"845\" height=\"634\" src=\"http:\/\/ecoscaping.brandtgruen.de\/wp-content\/uploads\/2020\/12\/Bluehwies_Gras-1-845x634.jpg\" alt=\"\" class=\"wp-image-532\" srcset=\"https:\/\/ecoscaping.brandtgruen.de\/wp-content\/uploads\/2020\/12\/Bluehwies_Gras-1-845x634.jpg 845w, https:\/\/ecoscaping.brandtgruen.de\/wp-content\/uploads\/2020\/12\/Bluehwies_Gras-1-300x225.jpg 300w, https:\/\/ecoscaping.brandtgruen.de\/wp-content\/uploads\/2020\/12\/Bluehwies_Gras-1-768x576.jpg 768w, https:\/\/ecoscaping.brandtgruen.de\/wp-content\/uploads\/2020\/12\/Bluehwies_Gras-1-1536x1152.jpg 1536w, https:\/\/ecoscaping.brandtgruen.de\/wp-content\/uploads\/2020\/12\/Bluehwies_Gras-1-2048x1536.jpg 2048w, https:\/\/ecoscaping.brandtgruen.de\/wp-content\/uploads\/2020\/12\/Bluehwies_Gras-1-1600x1200.jpg 1600w\" sizes=\"(max-width: 845px) 100vw, 845px\" \/><\/figure>\n<\/div>\n\n\n\n<div class=\"is-layout-flow wp-block-column\">\n<figure class=\"wp-block-image size-large is-style-default\"><img decoding=\"async\" loading=\"lazy\" width=\"845\" height=\"634\" src=\"http:\/\/ecoscaping.brandtgruen.de\/wp-content\/uploads\/2021\/01\/IMG_20200226_080948-845x634.jpg\" alt=\"\" class=\"wp-image-837\" srcset=\"https:\/\/ecoscaping.brandtgruen.de\/wp-content\/uploads\/2021\/01\/IMG_20200226_080948-845x634.jpg 845w, https:\/\/ecoscaping.brandtgruen.de\/wp-content\/uploads\/2021\/01\/IMG_20200226_080948-300x225.jpg 300w, https:\/\/ecoscaping.brandtgruen.de\/wp-content\/uploads\/2021\/01\/IMG_20200226_080948-768x576.jpg 768w, https:\/\/ecoscaping.brandtgruen.de\/wp-content\/uploads\/2021\/01\/IMG_20200226_080948-1536x1152.jpg 1536w, https:\/\/ecoscaping.brandtgruen.de\/wp-content\/uploads\/2021\/01\/IMG_20200226_080948-2048x1536.jpg 2048w, https:\/\/ecoscaping.brandtgruen.de\/wp-content\/uploads\/2021\/01\/IMG_20200226_080948-1600x1200.jpg 1600w\" sizes=\"(max-width: 845px) 100vw, 845px\" \/><\/figure>\n<\/div>\n<\/div>\n\n\n\n<div class=\"is-layout-flow wp-block-group\"><div class=\"wp-block-group__inner-container\">\n<div class=\"is-layout-flow wp-block-group\"><div class=\"wp-block-group__inner-container\">\n<div class=\"is-layout-flex wp-container-8 wp-block-columns\">\n<div class=\"is-layout-flow wp-block-column\" style=\"flex-basis:100%\">\n<p class=\"has-text-align-left\">Die gegenw\u00e4rtigen weltweiten Entwicklungen mahnen uns, ein gesamtheitliches Umdenken hinsichtlich Anspruch und Gestaltung unseres Lebens und Wirkens einzufordern. Am besten beschreibt diese Handlungs- und Lebensweise der Ausdruck &#8218;Permakultur&#8216;. Die Landschaftsgestaltung ist pr\u00e4destiniert daf\u00fcr, L\u00f6sungen zu finden und neue Wege anzubieten. Es scheint momentan machbar zu sein, auf verschiedenen Ebenen zu arbeiten und miteinander ins Gespr\u00e4ch zu kommen. Deshalb freue ich mich besonders, wenn Architekten, Ingenieure und Bauherren sich zusammenfinden, mich ansprechen und wir gemeinsam nachhaltige Projekte entwickeln und gestalten. Aus meiner Sicht ist unsere Zukunft nur gemeinsam zu meistern. <br><\/p>\n<\/div>\n<\/div>\n<\/div><\/div>\n<\/div><\/div>\n\n\n\n<div class=\"is-layout-flow wp-block-group\"><div class=\"wp-block-group__inner-container\">\n<div class=\"is-layout-flow wp-block-group\"><div class=\"wp-block-group__inner-container\">\n<div class=\"is-layout-flex wp-container-12 wp-block-columns\">\n<div class=\"is-layout-flow wp-block-column\" style=\"flex-basis:100%\">\n<p>Meine  Projekte umfassen unterschiedliche Gr\u00f6\u00dfenordnungen und Bereiche von gr\u00fcner Infrastruktur, st\u00e4dtischen Pl\u00e4tzen bis hin zu l\u00e4ndlichen Anwesen, Parkanlagen und kleinen G\u00e4rten. Ich leite und begleite Designprojekte mit fachlicher Kompetenz, unterst\u00fctze Landschaftsarchitekten, Ingenieure, Betriebe, Landbesitzer, St\u00e4dte und Gemeinden in Fragen der Nachhaltigkeit, Rekultivierung, \u00f6kologischer Siedlungsentwicklung und Landschaftsplanung, Umweltbildung und gartentherapeutischen Ans\u00e4tzen.<br>Dabei gemeinsam Strategien zu entwickeln, um gegen\u00fcber Klimaver\u00e4nderungen, Hitzewellen und erh\u00f6hten Niederschl\u00e4gen ger\u00fcstet zu sein; geeignete Ma\u00dfnahmen zu schaffen und die vielf\u00e4ltigen M\u00f6glichkeiten der Natur zu erkennen, zu nutzen und miteinander zu kombinieren. <br><br><\/p>\n<\/div>\n<\/div>\n<\/div><\/div>\n<\/div><\/div>\n\n\n\n<div class=\"is-layout-flow wp-block-group\"><div class=\"wp-block-group__inner-container\">\n<div class=\"is-layout-flex wp-container-18 wp-block-columns\">\n<div class=\"is-layout-flow wp-block-column\" style=\"flex-basis:100%\">\n<figure class=\"is-layout-flex wp-block-gallery-15 wp-block-gallery columns-1 is-cropped\"><ul class=\"blocks-gallery-grid\"><li class=\"blocks-gallery-item\"><figure><img decoding=\"async\" loading=\"lazy\" width=\"845\" height=\"612\" src=\"http:\/\/ecoscaping.brandtgruen.de\/wp-content\/uploads\/2020\/12\/Bluehwiese_Nelke-845x612.jpg\" alt=\"\" data-id=\"531\" data-full-url=\"http:\/\/ecoscaping.brandtgruen.de\/wp-content\/uploads\/2020\/12\/Bluehwiese_Nelke-scaled.jpg\" data-link=\"http:\/\/ecoscaping.brandtgruen.de\/?attachment_id=531\" class=\"wp-image-531\" srcset=\"https:\/\/ecoscaping.brandtgruen.de\/wp-content\/uploads\/2020\/12\/Bluehwiese_Nelke-845x612.jpg 845w, https:\/\/ecoscaping.brandtgruen.de\/wp-content\/uploads\/2020\/12\/Bluehwiese_Nelke-300x217.jpg 300w, https:\/\/ecoscaping.brandtgruen.de\/wp-content\/uploads\/2020\/12\/Bluehwiese_Nelke-768x557.jpg 768w, https:\/\/ecoscaping.brandtgruen.de\/wp-content\/uploads\/2020\/12\/Bluehwiese_Nelke-1536x1113.jpg 1536w, https:\/\/ecoscaping.brandtgruen.de\/wp-content\/uploads\/2020\/12\/Bluehwiese_Nelke-2048x1484.jpg 2048w, https:\/\/ecoscaping.brandtgruen.de\/wp-content\/uploads\/2020\/12\/Bluehwiese_Nelke-1600x1160.jpg 1600w\" sizes=\"(max-width: 845px) 100vw, 845px\" \/><figcaption class=\"blocks-gallery-item__caption\">Artenreichtum auf armen B\u00f6den<\/figcaption><\/figure><\/li><\/ul><\/figure>\n<\/div>\n<\/div>\n\n\n\n<p><\/p>\n<\/div><\/div>\n\n\n\n<div class=\"is-layout-flex wp-container-21 wp-block-columns\">\n<div class=\"is-layout-flow wp-block-column\" style=\"flex-basis:100%\">\n<h4>Was bedeutet das aus fachlicher Sicht konkret:<\/h4>\n\n\n\n<ul><li>neue Wege in der Gestaltung devastierter Kulturlandschaften zu gehen<\/li><li>L\u00f6sungen f\u00fcr urbane und suburbane R\u00e4ume und Landschaften anzubieten <\/li><li>Konzepte zu erarbeiten, die Biodiversit\u00e4t auch in ausger\u00e4umten Landschaften zu lassen<\/li><li>eine gr\u00fcne Revolution in der Stadt- und Landwirtschaft zu forcieren<\/li><li>begleitend kleinb\u00e4uerliche und enkeltaugliche Landwirtschaft zu manifestieren.<\/li><\/ul>\n<\/div>\n<\/div>\n\n\n\n<p><\/p>\n<\/div>\n<\/div>\n\n\n\n<div class=\"is-layout-flex wp-container-28 wp-block-columns\">\n<div class=\"is-layout-flow wp-block-column\" style=\"flex-basis:100%\">\n<div class=\"is-layout-flow wp-block-group alignwide\"><div class=\"wp-block-group__inner-container\">\n<figure class=\"is-layout-flex wp-block-gallery-24 wp-block-gallery columns-1 is-cropped\"><ul class=\"blocks-gallery-grid\"><li class=\"blocks-gallery-item\"><figure><img decoding=\"async\" loading=\"lazy\" width=\"845\" height=\"634\" src=\"http:\/\/ecoscaping.brandtgruen.de\/wp-content\/uploads\/2020\/12\/IMG_20190611_204440-845x634.jpg\" alt=\"\" data-id=\"205\" class=\"wp-image-205\" srcset=\"https:\/\/ecoscaping.brandtgruen.de\/wp-content\/uploads\/2020\/12\/IMG_20190611_204440-845x634.jpg 845w, https:\/\/ecoscaping.brandtgruen.de\/wp-content\/uploads\/2020\/12\/IMG_20190611_204440-300x225.jpg 300w, https:\/\/ecoscaping.brandtgruen.de\/wp-content\/uploads\/2020\/12\/IMG_20190611_204440-768x576.jpg 768w, https:\/\/ecoscaping.brandtgruen.de\/wp-content\/uploads\/2020\/12\/IMG_20190611_204440-1536x1152.jpg 1536w, https:\/\/ecoscaping.brandtgruen.de\/wp-content\/uploads\/2020\/12\/IMG_20190611_204440-2048x1536.jpg 2048w, https:\/\/ecoscaping.brandtgruen.de\/wp-content\/uploads\/2020\/12\/IMG_20190611_204440-1600x1200.jpg 1600w\" sizes=\"(max-width: 845px) 100vw, 845px\" \/><figcaption class=\"blocks-gallery-item__caption\">Artenreiche Wildblumenwiese\/ ausgef\u00fchrt f\u00fcr die Marina Hohen Wieschendorf<\/figcaption><\/figure><\/li><\/ul><\/figure>\n<\/div><\/div>\n<\/div>\n<\/div>\n\n\n\n<div class=\"is-layout-flex wp-container-35 wp-block-columns\">\n<div class=\"is-layout-flow wp-block-column\" style=\"flex-basis:100%\">\n<div class=\"is-layout-flow wp-block-group\"><div class=\"wp-block-group__inner-container\">\n<div class=\"is-layout-flow wp-block-group\"><div class=\"wp-block-group__inner-container\">\n<div class=\"is-layout-flow wp-block-group\"><div class=\"wp-block-group__inner-container\">\n<figure class=\"is-layout-flex wp-block-gallery-29 wp-block-gallery columns-1 is-cropped\"><ul class=\"blocks-gallery-grid\"><li class=\"blocks-gallery-item\"><figure><img decoding=\"async\" loading=\"lazy\" width=\"845\" height=\"475\" src=\"http:\/\/ecoscaping.brandtgruen.de\/wp-content\/uploads\/2020\/12\/IMG_20160517_112733-3-845x475.jpg\" alt=\"\" data-id=\"215\" class=\"wp-image-215\" srcset=\"https:\/\/ecoscaping.brandtgruen.de\/wp-content\/uploads\/2020\/12\/IMG_20160517_112733-3-845x475.jpg 845w, https:\/\/ecoscaping.brandtgruen.de\/wp-content\/uploads\/2020\/12\/IMG_20160517_112733-3-300x168.jpg 300w, https:\/\/ecoscaping.brandtgruen.de\/wp-content\/uploads\/2020\/12\/IMG_20160517_112733-3-768x431.jpg 768w, https:\/\/ecoscaping.brandtgruen.de\/wp-content\/uploads\/2020\/12\/IMG_20160517_112733-3-1536x863.jpg 1536w, https:\/\/ecoscaping.brandtgruen.de\/wp-content\/uploads\/2020\/12\/IMG_20160517_112733-3-2048x1150.jpg 2048w, https:\/\/ecoscaping.brandtgruen.de\/wp-content\/uploads\/2020\/12\/IMG_20160517_112733-3-1600x898.jpg 1600w\" sizes=\"(max-width: 845px) 100vw, 845px\" \/><figcaption class=\"blocks-gallery-item__caption\">Ausger\u00e4umte Landschaft, erste Obstb\u00e4ume sind gesetzt<\/figcaption><\/figure><\/li><\/ul><\/figure>\n<\/div><\/div>\n<\/div><\/div>\n<\/div><\/div>\n<\/div>\n<\/div>\n\n\n\n<div class=\"is-layout-flow wp-block-group\"><div class=\"wp-block-group__inner-container\">\n<div class=\"is-layout-flow wp-block-group\"><div class=\"wp-block-group__inner-container\">\n<figure class=\"is-layout-flex wp-block-gallery-36 wp-block-gallery columns-1 is-cropped\"><ul class=\"blocks-gallery-grid\"><li class=\"blocks-gallery-item\"><figure><img decoding=\"async\" loading=\"lazy\" width=\"845\" height=\"475\" src=\"http:\/\/ecoscaping.brandtgruen.de\/wp-content\/uploads\/2020\/12\/IMG_20160520_143106-1-845x475.jpg\" alt=\"\" data-id=\"256\" class=\"wp-image-256\" srcset=\"https:\/\/ecoscaping.brandtgruen.de\/wp-content\/uploads\/2020\/12\/IMG_20160520_143106-1-845x475.jpg 845w, https:\/\/ecoscaping.brandtgruen.de\/wp-content\/uploads\/2020\/12\/IMG_20160520_143106-1-300x168.jpg 300w, https:\/\/ecoscaping.brandtgruen.de\/wp-content\/uploads\/2020\/12\/IMG_20160520_143106-1-768x431.jpg 768w, https:\/\/ecoscaping.brandtgruen.de\/wp-content\/uploads\/2020\/12\/IMG_20160520_143106-1-1536x863.jpg 1536w, https:\/\/ecoscaping.brandtgruen.de\/wp-content\/uploads\/2020\/12\/IMG_20160520_143106-1-2048x1150.jpg 2048w, https:\/\/ecoscaping.brandtgruen.de\/wp-content\/uploads\/2020\/12\/IMG_20160520_143106-1-1600x898.jpg 1600w\" sizes=\"(max-width: 845px) 100vw, 845px\" \/><figcaption class=\"blocks-gallery-item__caption\">Schonende Bodenbearbeitung als wichtige Voraussetzung <br>f\u00fcr zuk\u00fcnftige Nachhaltigkeit<\/figcaption><\/figure><\/li><\/ul><\/figure>\n<\/div><\/div>\n<\/div><\/div>\n\n\n\n<div class=\"is-layout-flow wp-block-group\"><div class=\"wp-block-group__inner-container\">\n<div class=\"is-layout-flow wp-block-group\"><div class=\"wp-block-group__inner-container\">\n<figure class=\"is-layout-flex wp-block-gallery-40 wp-block-gallery columns-1 is-cropped\"><ul class=\"blocks-gallery-grid\"><li class=\"blocks-gallery-item\"><figure><img decoding=\"async\" loading=\"lazy\" width=\"845\" height=\"475\" src=\"http:\/\/ecoscaping.brandtgruen.de\/wp-content\/uploads\/2020\/12\/IMG-20170822-WA0008-845x475.jpg\" alt=\"\" data-id=\"257\" class=\"wp-image-257\" srcset=\"https:\/\/ecoscaping.brandtgruen.de\/wp-content\/uploads\/2020\/12\/IMG-20170822-WA0008-845x475.jpg 845w, https:\/\/ecoscaping.brandtgruen.de\/wp-content\/uploads\/2020\/12\/IMG-20170822-WA0008-300x169.jpg 300w, https:\/\/ecoscaping.brandtgruen.de\/wp-content\/uploads\/2020\/12\/IMG-20170822-WA0008-768x432.jpg 768w, https:\/\/ecoscaping.brandtgruen.de\/wp-content\/uploads\/2020\/12\/IMG-20170822-WA0008.jpg 1280w\" sizes=\"(max-width: 845px) 100vw, 845px\" \/><figcaption class=\"blocks-gallery-item__caption\">Ein Jahr sp\u00e4ter gr\u00fcnt und bl\u00fcht es bereits pr\u00e4chtig<\/figcaption><\/figure><\/li><\/ul><\/figure>\n<\/div><\/div>\n<\/div><\/div>\n\n\n\n<div class=\"is-layout-flex wp-container-48 wp-block-columns\">\n<div class=\"is-layout-flow wp-block-column\" style=\"flex-basis:100%\">\n<div class=\"is-layout-flex wp-container-46 wp-block-columns\">\n<div class=\"is-layout-flow wp-block-column\">\n<figure class=\"wp-block-image size-large is-style-default\"><img decoding=\"async\" loading=\"lazy\" width=\"845\" height=\"475\" src=\"http:\/\/ecoscaping.brandtgruen.de\/wp-content\/uploads\/2021\/01\/DSC_0014-845x475.jpg\" alt=\"\" class=\"wp-image-1097\" srcset=\"https:\/\/ecoscaping.brandtgruen.de\/wp-content\/uploads\/2021\/01\/DSC_0014-845x475.jpg 845w, https:\/\/ecoscaping.brandtgruen.de\/wp-content\/uploads\/2021\/01\/DSC_0014-300x169.jpg 300w, https:\/\/ecoscaping.brandtgruen.de\/wp-content\/uploads\/2021\/01\/DSC_0014-768x432.jpg 768w, https:\/\/ecoscaping.brandtgruen.de\/wp-content\/uploads\/2021\/01\/DSC_0014-1536x864.jpg 1536w, https:\/\/ecoscaping.brandtgruen.de\/wp-content\/uploads\/2021\/01\/DSC_0014-2048x1152.jpg 2048w, https:\/\/ecoscaping.brandtgruen.de\/wp-content\/uploads\/2021\/01\/DSC_0014-1600x900.jpg 1600w\" sizes=\"(max-width: 845px) 100vw, 845px\" \/><\/figure>\n<\/div>\n\n\n\n<div class=\"is-layout-flow wp-block-column\">\n<figure class=\"wp-block-image size-large is-style-default\"><img decoding=\"async\" loading=\"lazy\" width=\"845\" height=\"475\" src=\"http:\/\/ecoscaping.brandtgruen.de\/wp-content\/uploads\/2021\/01\/DSC_0017-845x475.jpg\" alt=\"\" class=\"wp-image-1098\" srcset=\"https:\/\/ecoscaping.brandtgruen.de\/wp-content\/uploads\/2021\/01\/DSC_0017-845x475.jpg 845w, https:\/\/ecoscaping.brandtgruen.de\/wp-content\/uploads\/2021\/01\/DSC_0017-300x169.jpg 300w, https:\/\/ecoscaping.brandtgruen.de\/wp-content\/uploads\/2021\/01\/DSC_0017-768x432.jpg 768w, https:\/\/ecoscaping.brandtgruen.de\/wp-content\/uploads\/2021\/01\/DSC_0017-1536x864.jpg 1536w, https:\/\/ecoscaping.brandtgruen.de\/wp-content\/uploads\/2021\/01\/DSC_0017-2048x1152.jpg 2048w, https:\/\/ecoscaping.brandtgruen.de\/wp-content\/uploads\/2021\/01\/DSC_0017-1600x900.jpg 1600w\" sizes=\"(max-width: 845px) 100vw, 845px\" \/><\/figure>\n<\/div>\n<\/div>\n<\/div>\n<\/div>\n\n\n\n<div class=\"is-layout-flex wp-container-51 wp-block-columns\">\n<div class=\"is-layout-flow wp-block-column\">\n<figure class=\"wp-block-image size-large is-style-default\"><img decoding=\"async\" loading=\"lazy\" width=\"576\" height=\"1024\" src=\"http:\/\/ecoscaping.brandtgruen.de\/wp-content\/uploads\/2021\/01\/DSC_0011-576x1024.jpg\" alt=\"\" class=\"wp-image-1099\" srcset=\"https:\/\/ecoscaping.brandtgruen.de\/wp-content\/uploads\/2021\/01\/DSC_0011-576x1024.jpg 576w, https:\/\/ecoscaping.brandtgruen.de\/wp-content\/uploads\/2021\/01\/DSC_0011-169x300.jpg 169w, https:\/\/ecoscaping.brandtgruen.de\/wp-content\/uploads\/2021\/01\/DSC_0011-768x1365.jpg 768w, https:\/\/ecoscaping.brandtgruen.de\/wp-content\/uploads\/2021\/01\/DSC_0011-864x1536.jpg 864w, https:\/\/ecoscaping.brandtgruen.de\/wp-content\/uploads\/2021\/01\/DSC_0011-1152x2048.jpg 1152w, https:\/\/ecoscaping.brandtgruen.de\/wp-content\/uploads\/2021\/01\/DSC_0011-1600x2844.jpg 1600w, https:\/\/ecoscaping.brandtgruen.de\/wp-content\/uploads\/2021\/01\/DSC_0011-scaled.jpg 1440w\" sizes=\"(max-width: 576px) 100vw, 576px\" \/><\/figure>\n<\/div>\n\n\n\n<div class=\"is-layout-flow wp-block-column\">\n<figure class=\"wp-block-image size-large is-style-default\"><img decoding=\"async\" loading=\"lazy\" width=\"576\" height=\"1024\" src=\"http:\/\/ecoscaping.brandtgruen.de\/wp-content\/uploads\/2021\/01\/DSC_0063-576x1024.jpg\" alt=\"\" class=\"wp-image-1101\" srcset=\"https:\/\/ecoscaping.brandtgruen.de\/wp-content\/uploads\/2021\/01\/DSC_0063-576x1024.jpg 576w, https:\/\/ecoscaping.brandtgruen.de\/wp-content\/uploads\/2021\/01\/DSC_0063-169x300.jpg 169w, https:\/\/ecoscaping.brandtgruen.de\/wp-content\/uploads\/2021\/01\/DSC_0063-768x1365.jpg 768w, https:\/\/ecoscaping.brandtgruen.de\/wp-content\/uploads\/2021\/01\/DSC_0063-864x1536.jpg 864w, https:\/\/ecoscaping.brandtgruen.de\/wp-content\/uploads\/2021\/01\/DSC_0063-1152x2048.jpg 1152w, https:\/\/ecoscaping.brandtgruen.de\/wp-content\/uploads\/2021\/01\/DSC_0063-1600x2844.jpg 1600w, https:\/\/ecoscaping.brandtgruen.de\/wp-content\/uploads\/2021\/01\/DSC_0063-scaled.jpg 1440w\" sizes=\"(max-width: 576px) 100vw, 576px\" \/><\/figure>\n<\/div>\n<\/div>\n\n\n\n<div class=\"is-layout-flex wp-container-54 wp-block-columns\">\n<div class=\"is-layout-flow wp-block-column\">\n<figure class=\"wp-block-image size-large is-style-default\"><img decoding=\"async\" loading=\"lazy\" width=\"845\" height=\"634\" src=\"http:\/\/ecoscaping.brandtgruen.de\/wp-content\/uploads\/2021\/01\/IMG_2054-845x634.jpg\" alt=\"\" class=\"wp-image-1104\" srcset=\"https:\/\/ecoscaping.brandtgruen.de\/wp-content\/uploads\/2021\/01\/IMG_2054-845x634.jpg 845w, https:\/\/ecoscaping.brandtgruen.de\/wp-content\/uploads\/2021\/01\/IMG_2054-300x225.jpg 300w, https:\/\/ecoscaping.brandtgruen.de\/wp-content\/uploads\/2021\/01\/IMG_2054-768x576.jpg 768w, https:\/\/ecoscaping.brandtgruen.de\/wp-content\/uploads\/2021\/01\/IMG_2054-1536x1152.jpg 1536w, https:\/\/ecoscaping.brandtgruen.de\/wp-content\/uploads\/2021\/01\/IMG_2054-1600x1200.jpg 1600w, https:\/\/ecoscaping.brandtgruen.de\/wp-content\/uploads\/2021\/01\/IMG_2054.jpg 2048w\" sizes=\"(max-width: 845px) 100vw, 845px\" \/><\/figure>\n<\/div>\n\n\n\n<div class=\"is-layout-flow wp-block-column\">\n<figure class=\"wp-block-image size-large is-style-default\"><img decoding=\"async\" loading=\"lazy\" width=\"845\" height=\"634\" src=\"http:\/\/ecoscaping.brandtgruen.de\/wp-content\/uploads\/2021\/01\/IMG_4345-845x634.jpg\" alt=\"\" class=\"wp-image-1103\" srcset=\"https:\/\/ecoscaping.brandtgruen.de\/wp-content\/uploads\/2021\/01\/IMG_4345-845x634.jpg 845w, https:\/\/ecoscaping.brandtgruen.de\/wp-content\/uploads\/2021\/01\/IMG_4345-300x225.jpg 300w, https:\/\/ecoscaping.brandtgruen.de\/wp-content\/uploads\/2021\/01\/IMG_4345-768x576.jpg 768w, https:\/\/ecoscaping.brandtgruen.de\/wp-content\/uploads\/2021\/01\/IMG_4345-1536x1152.jpg 1536w, https:\/\/ecoscaping.brandtgruen.de\/wp-content\/uploads\/2021\/01\/IMG_4345.jpg 1600w\" sizes=\"(max-width: 845px) 100vw, 845px\" \/><\/figure>\n<\/div>\n<\/div>\n\n\n\n<p><\/p>\n","protected":false},"excerpt":{"rendered":"<p>Dokumentation Status quo Die gegenw\u00e4rtigen weltweiten Entwicklungen mahnen uns, ein gesamtheitliches Umdenken hinsichtlich Anspruch und Gestaltung unseres Lebens und Wirkens&hellip;<\/p>\n","protected":false},"author":1,"featured_media":0,"parent":0,"menu_order":0,"comment_status":"closed","ping_status":"closed","template":"","meta":[],"_links":{"self":[{"href":"https:\/\/ecoscaping.brandtgruen.de\/index.php?rest_route=\/wp\/v2\/pages\/5"}],"collection":[{"href":"https:\/\/ecoscaping.brandtgruen.de\/index.php?rest_route=\/wp\/v2\/pages"}],"about":[{"href":"https:\/\/ecoscaping.brandtgruen.de\/index.php?rest_route=\/wp\/v2\/types\/page"}],"author":[{"embeddable":true,"href":"https:\/\/ecoscaping.brandtgruen.de\/index.php?rest_route=\/wp\/v2\/users\/1"}],"replies":[{"embeddable":true,"href":"https:\/\/ecoscaping.brandtgruen.de\/index.php?rest_route=%2Fwp%2Fv2%2Fcomments&post=5"}],"version-history":[{"count":26,"href":"https:\/\/ecoscaping.brandtgruen.de\/index.php?rest_route=\/wp\/v2\/pages\/5\/revisions"}],"predecessor-version":[{"id":1150,"href":"https:\/\/ecoscaping.brandtgruen.de\/index.php?rest_route=\/wp\/v2\/pages\/5\/revisions\/1150"}],"wp:attachment":[{"href":"https:\/\/ecoscaping.brandtgruen.de\/index.php?rest_route=%2Fwp%2Fv2%2Fmedia&parent=5"}],"curies":[{"name":"wp","href":"https:\/\/api.w.org\/{rel}","templated":true}]}}