{"id":743,"date":"2021-01-05T15:08:40","date_gmt":"2021-01-05T15:08:40","guid":{"rendered":"http:\/\/ecoscaping.brandtgruen.de\/?page_id=743"},"modified":"2021-01-05T16:10:42","modified_gmt":"2021-01-05T16:10:42","slug":"impressum","status":"publish","type":"page","link":"https:\/\/ecoscaping.brandtgruen.de\/?page_id=743","title":{"rendered":"IMPRESSUM"},"content":{"rendered":"\n<hr class=\"wp-block-separator\"\/>\n\n\n\n<h2><strong>brandtgr\u00fcn<\/strong><strong><\/strong><\/h2>\n\n\n\n<p><strong>Inh. Dipl.-Ing. hort. Kristin Brandt<br>An der Kirche 6,&nbsp;23936 B\u00f6rzow<\/strong><br><strong>mail: service@brandtgruen.de<\/strong><br><strong>fon: (0 38 81) 71 57 30<br>DE-\u00d6KO-034<\/strong><\/p>\n\n\n\n<p>Die Adresse meiner Website lautet: http:\/\/ecoscaping.brandtgruen.de<\/p>\n\n\n\n<h2><strong>Haftungsbeschr\u00e4nkungen<\/strong><\/h2>\n\n\n\n<p>Die Inhalte dieser Website werden mit gr\u00f6\u00dftm\u00f6glicher Sorgfalt erstellt. Der Anbieter \u00fcbernimmt jedoch keine Gew\u00e4hr f\u00fcr die Richtigkeit, Vollst\u00e4ndigkeit und Aktualit\u00e4t der bereitgestellten Inhalte. Die Nutzung der Inhalte der Website erfolgt auf eigene Gefahr des Nutzers. Namentlich gekennzeichnete Beitr\u00e4ge geben die Meinung des jeweiligen Autors und nicht immer die Meinung des Anbieters wieder. Mit der reinen Nutzung der Website des Anbieters kommt keinerlei Vertragsverh\u00e4ltnis zwischen dem Nutzer und dem Anbieter zustande.<\/p>\n\n\n\n<h2><strong>Urheber- und Leistungsschutzrechte<\/strong><\/h2>\n\n\n\n<p>Die auf dieser Website ver\u00f6ffentlichten Inhalte unterliegen dem deutschen Urheber- und Leistungsschutzrecht. Jede vom deutschen Urheber- und Leistungsschutzrecht nicht zugelassene Verwertung bedarf der vorherigen schriftlichen Zustimmung des Anbieters oder jeweiligen Rechteinhabers. Dies gilt insbesondere f\u00fcr Vervielf\u00e4ltigung, Bearbeitung, \u00dcbersetzung, Einspeicherung, Verarbeitung bzw. Wiedergabe von Inhalten in Datenbanken oder anderen elektronischen Medien und Systemen. Inhalte und Rechte Dritter sind dabei als solche gekennzeichnet. Die unerlaubte Vervielf\u00e4ltigung oder Weitergabe einzelner Inhalte oder kompletter Seiten ist nicht gestattet und strafbar. Lediglich die Herstellung von Kopien und Downloads f\u00fcr den pers\u00f6nlichen, privaten und nicht kommerziellen Gebrauch ist erlaubt. Die Darstellung dieser Website in fremden Frames ist nicht zul\u00e4ssig.&nbsp;&nbsp;<\/p>\n\n\n\n<p><\/p>\n\n\n\n<figure class=\"wp-block-image\"><img decoding=\"async\" src=\"http:\/\/www.brandtgruen.de\/images\/i.gif\" alt=\"\"\/><\/figure>\n\n\n\n<p><\/p>\n","protected":false},"excerpt":{"rendered":"<p>brandtgr\u00fcn Inh. Dipl.-Ing. hort. Kristin BrandtAn der Kirche 6,&nbsp;23936 B\u00f6rzowmail: service@brandtgruen.defon: (0 38 81) 71 57 30DE-\u00d6KO-034 Die Adresse meiner&hellip;<\/p>\n","protected":false},"author":1,"featured_media":0,"parent":0,"menu_order":0,"comment_status":"closed","ping_status":"closed","template":"","meta":[],"_links":{"self":[{"href":"https:\/\/ecoscaping.brandtgruen.de\/index.php?rest_route=\/wp\/v2\/pages\/743"}],"collection":[{"href":"https:\/\/ecoscaping.brandtgruen.de\/index.php?rest_route=\/wp\/v2\/pages"}],"about":[{"href":"https:\/\/ecoscaping.brandtgruen.de\/index.php?rest_route=\/wp\/v2\/types\/page"}],"author":[{"embeddable":true,"href":"https:\/\/ecoscaping.brandtgruen.de\/index.php?rest_route=\/wp\/v2\/users\/1"}],"replies":[{"embeddable":true,"href":"https:\/\/ecoscaping.brandtgruen.de\/index.php?rest_route=%2Fwp%2Fv2%2Fcomments&post=743"}],"version-history":[{"count":11,"href":"https:\/\/ecoscaping.brandtgruen.de\/index.php?rest_route=\/wp\/v2\/pages\/743\/revisions"}],"predecessor-version":[{"id":768,"href":"https:\/\/ecoscaping.brandtgruen.de\/index.php?rest_route=\/wp\/v2\/pages\/743\/revisions\/768"}],"wp:attachment":[{"href":"https:\/\/ecoscaping.brandtgruen.de\/index.php?rest_route=%2Fwp%2Fv2%2Fmedia&parent=743"}],"curies":[{"name":"wp","href":"https:\/\/api.w.org\/{rel}","templated":true}]}}